{"id":995,"date":"2024-05-07T15:16:26","date_gmt":"2024-05-07T15:16:26","guid":{"rendered":"https:\/\/sunnet-praxis.de\/kuenye"},"modified":"2024-10-04T20:25:53","modified_gmt":"2024-10-04T20:25:53","slug":"kuenye","status":"publish","type":"page","link":"https:\/\/sunnet-praxis.de\/tr\/kuenye","title":{"rendered":"K\u00fcnye"},"content":{"rendered":"<p>[et_pb_section fb_built=&#8221;1&#8243; custom_padding_last_edited=&#8221;on|phone&#8221; _builder_version=&#8221;4.24.3&#8243; _module_preset=&#8221;default&#8221; custom_margin=&#8221;0px||-30px||false|false&#8221; custom_padding_tablet=&#8221;&#8221; custom_padding_phone=&#8221;|25px|0px|25px|false|true&#8221; da_disable_devices=&#8221;off|off|off&#8221; global_colors_info=&#8221;{}&#8221; da_is_popup=&#8221;off&#8221; da_exit_intent=&#8221;off&#8221; da_has_close=&#8221;on&#8221; da_alt_close=&#8221;off&#8221; da_dark_close=&#8221;off&#8221; da_not_modal=&#8221;on&#8221; da_is_singular=&#8221;off&#8221; da_with_loader=&#8221;off&#8221; da_has_shadow=&#8221;on&#8221;][et_pb_row custom_padding_last_edited=&#8221;on|phone&#8221; _builder_version=&#8221;4.24.3&#8243; _module_preset=&#8221;default&#8221; width_tablet=&#8221;initial&#8221; width_phone=&#8221;100%&#8221; width_last_edited=&#8221;on|tablet&#8221; custom_margin=&#8221;0px||||false|false&#8221; custom_margin_tablet=&#8221;0px|5%||5%|false|true&#8221; custom_margin_phone=&#8221;0px|0px||0px|false|false&#8221; custom_margin_last_edited=&#8221;on|tablet&#8221; custom_padding=&#8221;0px||||false|false&#8221; custom_padding_tablet=&#8221;&#8221; custom_padding_phone=&#8221;0px|0px||0px|false|false&#8221; global_colors_info=&#8221;{}&#8221;][et_pb_column type=&#8221;4_4&#8243; _builder_version=&#8221;4.24.3&#8243; _module_preset=&#8221;default&#8221; custom_padding_tablet=&#8221;&#8221; custom_padding_phone=&#8221;0px||||false|false&#8221; custom_padding_last_edited=&#8221;on|phone&#8221; global_colors_info=&#8221;{}&#8221;][et_pb_heading title=&#8221;K\u00fcnye&#8221; _builder_version=&#8221;4.24.3&#8243; _module_preset=&#8221;8d20617c-23c5-4fc9-bab5-aab1603ff77f&#8221; custom_margin_tablet=&#8221;&#8221; custom_margin_phone=&#8221;-15px||0px||false|false&#8221; custom_margin_last_edited=&#8221;on|phone&#8221; custom_padding_tablet=&#8221;&#8221; custom_padding_phone=&#8221;0px||0px||true|false&#8221; custom_padding_last_edited=&#8221;on|phone&#8221; hover_enabled=&#8221;0&#8243; title_font_size_tablet=&#8221;36px&#8221; title_font_size_phone=&#8221;30px&#8221; title_font_size_last_edited=&#8221;on|tablet&#8221; global_colors_info=&#8221;{}&#8221; sticky_enabled=&#8221;0&#8243;][\/et_pb_heading][et_pb_text admin_label=&#8221;Text&#8221; _builder_version=&#8221;4.24.3&#8243; _module_preset=&#8221;default&#8221; text_font=&#8221;|300|||||||&#8221; text_font_size=&#8221;16px&#8221; header_2_font=&#8221;|300|||||||&#8221; header_2_font_size=&#8221;30px&#8221; header_3_font=&#8221;|600||on|||||&#8221; header_3_font_size=&#8221;16px&#8221; header_3_line_height=&#8221;1.4em&#8221; header_4_font=&#8221;|300|on|||||#c4c4c4|solid&#8221; header_4_font_size=&#8221;20px&#8221; custom_margin=&#8221;65px||||false|false&#8221; custom_margin_tablet=&#8221;40px||||false|false&#8221; custom_margin_phone=&#8221;30px||||false|false&#8221; custom_margin_last_edited=&#8221;on|tablet&#8221; hover_enabled=&#8221;0&#8243; text_font_size_tablet=&#8221;16px&#8221; text_font_size_phone=&#8221;16px&#8221; text_font_size_last_edited=&#8221;on|phone&#8221; header_2_font_size_tablet=&#8221;30px&#8221; header_2_font_size_phone=&#8221;20px&#8221; header_2_font_size_last_edited=&#8221;on|phone&#8221; header_2_line_height_tablet=&#8221;&#8221; header_2_line_height_phone=&#8221;1.2em&#8221; header_2_line_height_last_edited=&#8221;on|phone&#8221; header_3_font_size_tablet=&#8221;16px&#8221; header_3_font_size_phone=&#8221;14px&#8221; header_3_font_size_last_edited=&#8221;on|phone&#8221; custom_css_free_form=&#8221;selector h2 {margin:30px 0 20px}||selector h3 {margin:15px 0 -5px}||selector h4 {margin:15px 0 5px}&#8221; global_colors_info=&#8221;{}&#8221; text_line_height=&#8221;1.5em&#8221; sticky_enabled=&#8221;0&#8243;]<\/p>\n<h3>Sunnet Praxis<\/h3>\n<p>Anwaltinger Stra\u00dfe 4<br \/>86165 Augsburg<\/p>\n<h3>Taraf\u0131ndan temsil edilmektedir<\/h3>\n<p>Dr. Fatih \u015eahin &#8211; Ortopedi ve Travma Cerrahisi Uzman\u0131<br \/>Dr. Umer Chaudhry &#8211;<span>Ortopedi ve Travma Cerrahisi Uzman\u0131<\/span><\/p>\n<h3>Bize ula\u015f\u0131n<\/h3>\n<p>E-posta: info@sunnet-praxis.de<\/p>\n<h3>Tabipler Birli\u011fi<\/h3>\n<p>Bavyera Tabipler Birli\u011fi<br \/>M\u00fchlbaurstra\u00dfe 16<br \/>81677 M\u00fcnih<\/p>\n<h3>Telif Hakk\u0131<\/h3>\n<p>Web sitesi, t\u00fcm b\u00f6l\u00fcmleri ve g\u00f6r\u00fcnt\u00fcleri dahil olmak \u00fczere telif hakk\u0131 ile korunmaktad\u0131r. Par\u00e7alar\u0131n ve g\u00f6r\u00fcnt\u00fclerin \u00e7o\u011falt\u0131lmas\u0131 ve yay\u0131nlanmas\u0131 yaz\u0131l\u0131 iznimizi gerektirir. <\/p>\n<h3>Sorumluluk<\/h3>\n<p>\u00dc\u00e7\u00fcnc\u00fc taraflarca sa\u011flananlar da dahil olmak \u00fczere, sa\u011flanan bilgi ve verilerin g\u00fcncelli\u011fi, do\u011frulu\u011fu ve eksiksizli\u011fi konusunda herhangi bir sorumluluk veya garanti kabul edilmez. Metindeki herhangi bir hata veya giri\u015flerin do\u011frulu\u011fu konusunda hi\u00e7bir sorumluluk kabul edilmez. <\/p>\n<h3>Ba\u011flant\u0131lar<\/h3>\n<p>Harici ba\u011flant\u0131lar\u0131n i\u00e7eri\u011fi i\u00e7in hi\u00e7bir sorumluluk kabul etmiyoruz. Ba\u011flant\u0131l\u0131 web sitelerinin operat\u00f6rleri, i\u00e7eriklerinden yaln\u0131zca kendileri sorumludur. <\/p>\n<p>[\/et_pb_text][\/et_pb_column][\/et_pb_row][\/et_pb_section]<\/p>\n","protected":false},"excerpt":{"rendered":"<p>Sunnet Praxis Anwaltinger Stra\u00dfe 486165 Augsburg Taraf\u0131ndan temsil edilmektedir Dr. Fatih \u015eahin &#8211; Ortopedi ve Travma Cerrahisi Uzman\u0131Dr. Umer Chaudhry -Ortopedi ve Travma Cerrahisi Uzman\u0131 Bize ula\u015f\u0131n E-posta: info@sunnet-praxis.de Tabipler Birli\u011fi Bavyera Tabipler Birli\u011fiM\u00fchlbaurstra\u00dfe 1681677 M\u00fcnih Telif Hakk\u0131 Web sitesi, t\u00fcm b\u00f6l\u00fcmleri ve g\u00f6r\u00fcnt\u00fcleri dahil olmak \u00fczere telif hakk\u0131 ile korunmaktad\u0131r. Par\u00e7alar\u0131n ve g\u00f6r\u00fcnt\u00fclerin \u00e7o\u011falt\u0131lmas\u0131 [&hellip;]<\/p>\n","protected":false},"author":1,"featured_media":0,"parent":0,"menu_order":0,"comment_status":"closed","ping_status":"closed","template":"","meta":{"_seopress_robots_primary_cat":"","_seopress_titles_title":"","_seopress_titles_desc":"","_seopress_robots_index":"","_et_pb_use_builder":"on","_et_pb_old_content":"","_et_gb_content_width":"","footnotes":""},"class_list":["post-995","page","type-page","status-publish","hentry"],"_links":{"self":[{"href":"https:\/\/sunnet-praxis.de\/tr\/wp-json\/wp\/v2\/pages\/995","targetHints":{"allow":["GET"]}}],"collection":[{"href":"https:\/\/sunnet-praxis.de\/tr\/wp-json\/wp\/v2\/pages"}],"about":[{"href":"https:\/\/sunnet-praxis.de\/tr\/wp-json\/wp\/v2\/types\/page"}],"author":[{"embeddable":true,"href":"https:\/\/sunnet-praxis.de\/tr\/wp-json\/wp\/v2\/users\/1"}],"replies":[{"embeddable":true,"href":"https:\/\/sunnet-praxis.de\/tr\/wp-json\/wp\/v2\/comments?post=995"}],"version-history":[{"count":2,"href":"https:\/\/sunnet-praxis.de\/tr\/wp-json\/wp\/v2\/pages\/995\/revisions"}],"predecessor-version":[{"id":997,"href":"https:\/\/sunnet-praxis.de\/tr\/wp-json\/wp\/v2\/pages\/995\/revisions\/997"}],"wp:attachment":[{"href":"https:\/\/sunnet-praxis.de\/tr\/wp-json\/wp\/v2\/media?parent=995"}],"curies":[{"name":"wp","href":"https:\/\/api.w.org\/{rel}","templated":true}]}}