{"id":992,"date":"2024-05-06T20:32:33","date_gmt":"2024-05-06T20:32:33","guid":{"rendered":"https:\/\/sunnet-praxis.de\/bizimle-iletisime-gecin"},"modified":"2024-10-04T21:30:49","modified_gmt":"2024-10-04T21:30:49","slug":"bizimle-iletisime-gecin","status":"publish","type":"page","link":"https:\/\/sunnet-praxis.de\/tr\/bizimle-iletisime-gecin","title":{"rendered":"Bizimle ileti\u015fime ge\u00e7in"},"content":{"rendered":"<p>[et_pb_section fb_built=&#8221;1&#8243; fullwidth=&#8221;on&#8221; disabled_on=&#8221;on|off|off&#8221; _builder_version=&#8221;4.24.3&#8243; _module_preset=&#8221;default&#8221; custom_css_after=&#8221;content:&#8221;;background: linear-gradient( 0deg, #ffffff 10%, rgba(255,255,255,0) 100% ) !important;width: 100%; height: 40%;position:absolute;z-index:10;left:0; bottom:0&#8243; da_disable_devices=&#8221;off|off|off&#8221; global_colors_info=&#8221;{}&#8221; da_is_popup=&#8221;off&#8221; da_exit_intent=&#8221;off&#8221; da_has_close=&#8221;on&#8221; da_alt_close=&#8221;off&#8221; da_dark_close=&#8221;off&#8221; da_not_modal=&#8221;on&#8221; da_is_singular=&#8221;off&#8221; da_with_loader=&#8221;off&#8221; da_has_shadow=&#8221;on&#8221;][et_pb_fullwidth_code _builder_version=&#8221;4.24.3&#8243; _module_preset=&#8221;default&#8221; global_colors_info=&#8221;{}&#8221;]<style type=\"text\/css\" id=\"gmpMapStyles_3_2168\">\r\n\t#google_map_easy_3_2168 {\r\n        width: 100%;\r\n        height: 500px;\r\n\t\t\t\t\t\t    }\r\n\t#gmapControlsNum_3_2168 {\r\n\t\twidth:100%\t}\r\n\t.gmpMapDetailsContainer#gmpMapDetailsContainer_3_2168 {\r\n\t\theight:500px;\r\n\t}\r\n\t.gmp_MapPreview#google_map_easy_3_2168 {\r\n\t\t\/*position:absolute;*\/\r\n\t\twidth: 100%;\r\n\t}\r\n\t#mapConElem_3_2168{\r\n\t\twidth: 100%\t}\r\n    .gm-style .gm-style-iw-c{\r\n        padding: 12px!important;\r\n    }\r\n\t    <\/style>\r\n <div class=\"gmp_map_opts\" id=\"mapConElem_3_2168\" data-id=\"3\" data-view-id=\"3_2168\" > <div class=\"gmpMapDetailsContainer\" id=\"gmpMapDetailsContainer_3_2168\"> <i class=\"gmpKMLLayersPreloader fa fa-spinner fa-spin\" aria-hidden=\"true\" style=\"display: none;\"><\/i> <div class=\"gmp_MapPreview \" id=\"google_map_easy_3_2168\"><\/div> <\/div> <div class=\"gmpMapMarkerFilters\" id=\"gmpMapMarkerFilters_3_2168\"> <\/div> <div class=\"gmpMapProControlsCon\" id=\"gmpMapProControlsCon_3_2168\"> <a title=\"Google Map Plugin\" style=\"display:none;\" href=\"https:\/\/supsystic.com\/plugins\/google-maps-plugin\/?utm_medium=love_link_hide\" target=\"_blank\">Google Map Plugin<\/a><div style=\"clear: both;\"><\/div> <\/div> <div class=\"gmpMapProDirectionsCon\" id=\"gmpMapProDirectionsCon_3_2168\" > <\/div> <div class=\"gmpMapProKmlFilterCon\" id=\"gmpMapProKmlFilterCon_3_2168\" > <\/div> <div class=\"gmpSocialSharingShell gmpSocialSharingShell_3_2168\"> <\/div> <div style=\"clear: both;\"><\/div> <\/div> [\/et_pb_fullwidth_code][\/et_pb_section][et_pb_section fb_built=&#8221;1&#8243; fullwidth=&#8221;on&#8221; disabled_on=&#8221;off|on|on&#8221; _builder_version=&#8221;4.24.3&#8243; _module_preset=&#8221;default&#8221; custom_css_after=&#8221;content:&#8221;;background: linear-gradient( 0deg, #ffffff 10%, rgba(255,255,255,0) 100% ) !important;width: 100%; height: 40%;position:absolute;z-index:10;left:0; bottom:0&#8243; da_disable_devices=&#8221;off|off|off&#8221; global_colors_info=&#8221;{}&#8221; da_is_popup=&#8221;off&#8221; da_exit_intent=&#8221;off&#8221; da_has_close=&#8221;on&#8221; da_alt_close=&#8221;off&#8221; da_dark_close=&#8221;off&#8221; da_not_modal=&#8221;on&#8221; da_is_singular=&#8221;off&#8221; da_with_loader=&#8221;off&#8221; da_has_shadow=&#8221;on&#8221;][et_pb_fullwidth_code _builder_version=&#8221;4.24.3&#8243; _module_preset=&#8221;default&#8221; global_colors_info=&#8221;{}&#8221;]<style type=\"text\/css\" id=\"gmpMapStyles_4_97363\">\r\n\t#google_map_easy_4_97363 {\r\n        width: 100%;\r\n        height: 250px;\r\n\t\t\t\t\t\t    }\r\n\t#gmapControlsNum_4_97363 {\r\n\t\twidth:100%\t}\r\n\t.gmpMapDetailsContainer#gmpMapDetailsContainer_4_97363 {\r\n\t\theight:250px;\r\n\t}\r\n\t.gmp_MapPreview#google_map_easy_4_97363 {\r\n\t\t\/*position:absolute;*\/\r\n\t\twidth: 100%;\r\n\t}\r\n\t#mapConElem_4_97363{\r\n\t\twidth: 100%\t}\r\n    .gm-style .gm-style-iw-c{\r\n        padding: 12px!important;\r\n    }\r\n\t    <\/style>\r\n <div class=\"gmp_map_opts\" id=\"mapConElem_4_97363\" data-id=\"4\" data-view-id=\"4_97363\" > <div class=\"gmpMapDetailsContainer\" id=\"gmpMapDetailsContainer_4_97363\"> <i class=\"gmpKMLLayersPreloader fa fa-spinner fa-spin\" aria-hidden=\"true\" style=\"display: none;\"><\/i> <div class=\"gmp_MapPreview \" id=\"google_map_easy_4_97363\"><\/div> <\/div> <div class=\"gmpMapMarkerFilters\" id=\"gmpMapMarkerFilters_4_97363\"> <\/div> <div class=\"gmpMapProControlsCon\" id=\"gmpMapProControlsCon_4_97363\"> <a title=\"Google Map Plugin\" style=\"display:none;\" href=\"https:\/\/supsystic.com\/plugins\/google-maps-plugin\/?utm_medium=love_link_hide\" target=\"_blank\">Google Map Plugin<\/a><div style=\"clear: both;\"><\/div> <\/div> <div class=\"gmpMapProDirectionsCon\" id=\"gmpMapProDirectionsCon_4_97363\" > <\/div> <div class=\"gmpMapProKmlFilterCon\" id=\"gmpMapProKmlFilterCon_4_97363\" > <\/div> <div class=\"gmpSocialSharingShell gmpSocialSharingShell_4_97363\"> <\/div> <div style=\"clear: both;\"><\/div> <\/div> [\/et_pb_fullwidth_code][\/et_pb_section][et_pb_section fb_built=&#8221;1&#8243; custom_padding_last_edited=&#8221;on|phone&#8221; _builder_version=&#8221;4.24.3&#8243; _module_preset=&#8221;default&#8221; custom_margin_tablet=&#8221;&#8221; custom_margin_phone=&#8221;||-30px||false|false&#8221; custom_margin_last_edited=&#8221;on|phone&#8221; custom_padding=&#8221;||100px|||&#8221; custom_padding_tablet=&#8221;||100px|||&#8221; custom_padding_phone=&#8221;||0px||false|false&#8221; da_disable_devices=&#8221;off|off|off&#8221; global_colors_info=&#8221;{}&#8221; da_is_popup=&#8221;off&#8221; da_exit_intent=&#8221;off&#8221; da_has_close=&#8221;on&#8221; da_alt_close=&#8221;off&#8221; da_dark_close=&#8221;off&#8221; da_not_modal=&#8221;on&#8221; da_is_singular=&#8221;off&#8221; da_with_loader=&#8221;off&#8221; da_has_shadow=&#8221;on&#8221;][et_pb_row custom_padding_last_edited=&#8221;on|tablet&#8221; _builder_version=&#8221;4.27.0&#8243; _module_preset=&#8221;default&#8221; width_tablet=&#8221;&#8221; width_phone=&#8221;initial&#8221; width_last_edited=&#8221;on|phone&#8221; custom_padding_tablet=&#8221;0px||||false|false&#8221; custom_padding_phone=&#8221;0px|5%||5%|false|true&#8221; global_colors_info=&#8221;{}&#8221;][et_pb_column type=&#8221;4_4&#8243; _builder_version=&#8221;4.24.3&#8243; _module_preset=&#8221;default&#8221; global_colors_info=&#8221;{}&#8221;][et_pb_heading title=&#8221;Bize nas\u0131l ula\u015fabilirsiniz&#8221; _builder_version=&#8221;4.27.0&#8243; _module_preset=&#8221;8d20617c-23c5-4fc9-bab5-aab1603ff77f&#8221; title_font_size=&#8221;34px&#8221; custom_margin_tablet=&#8221;&#8221; custom_margin_phone=&#8221;-20px||10px||false|false&#8221; custom_margin_last_edited=&#8221;on|phone&#8221; title_text_align_tablet=&#8221;left&#8221; title_text_align_phone=&#8221;center&#8221; title_text_align_last_edited=&#8221;on|phone&#8221; title_font_size_tablet=&#8221;40px&#8221; title_font_size_phone=&#8221;32px&#8221; title_font_size_last_edited=&#8221;on|phone&#8221; title_line_height_tablet=&#8221;&#8221; title_line_height_phone=&#8221;1.2em&#8221; title_line_height_last_edited=&#8221;on|phone&#8221; global_colors_info=&#8221;{}&#8221;][\/et_pb_heading][et_pb_text content_tablet=&#8221;<\/p>\n<p><span style=%22font-weight: 500;%22>Sunnet Praxis<\/span><br \/>Anwaltinger Stra\u00dfe 4<br \/>86165 Augsburg<br \/><em style=%22font-size: 18px;%22>%22Pamukplast Verpackungen GmbH%22 k\u00f6\u015fesindeki giri\u015f<\/em><\/p>\n<p><span style=%22font-weight: 500;%22>Randevular ayarlanacakt\u0131r!<\/span><\/p>\n<p>&#8221; content_phone=&#8221;<\/p>\n<p><span style=%22font-weight: 500;%22>Sunnet Praxis<\/span><br \/>Anwaltinger Stra\u00dfe 4<br \/>86165 Augsburg<br \/><em style=%22font-size: 16px;%22>%22Pamukplast Verpackungen GmbH%22 k\u00f6\u015fesindeki giri\u015f<\/em><\/p>\n<p><span style=%22font-weight: 500;%22>Randevular ayarlanacakt\u0131r!<\/span><\/p>\n<p>&#8221; content_last_edited=&#8221;on|phone&#8221; _builder_version=&#8221;4.27.0&#8243; _module_preset=&#8221;default&#8221; text_font=&#8221;|300|||||||&#8221; text_font_size=&#8221;20px&#8221; text_line_height=&#8221;1.5em&#8221; text_orientation=&#8221;center&#8221; text_font_size_tablet=&#8221;18px&#8221; text_font_size_phone=&#8221;16px&#8221; text_font_size_last_edited=&#8221;on|tablet&#8221; text_line_height_tablet=&#8221;1.5em&#8221; text_line_height_phone=&#8221;1.6em&#8221; text_line_height_last_edited=&#8221;on|phone&#8221; global_colors_info=&#8221;{}&#8221;]<\/p>\n<p><span style=\"font-weight: 500;\">Sunnet Praxis<\/span><br \/>Anwaltinger Stra\u00dfe 4<br \/>86165 Augsburg<br \/><em style=\"font-size: 18px;\">&#8220;Pamukplast Verpackungen GmbH&#8221; k\u00f6\u015fesindeki giri\u015f<\/em><span style=\"font-weight: 500;\"><\/span><\/p>\n<p>[\/et_pb_text][et_pb_button button_url=&#8221;https:\/\/www.google.com\/maps\/dir\/?api=1destination=Anwaltinger+Str.+4,+86165+Augsburgtravelmode=driving&#8221; url_new_window=&#8221;on&#8221; button_text=&#8221;Muayenehaneye giden yol&#8221; button_alignment_tablet=&#8221;left&#8221; button_alignment_phone=&#8221;center&#8221; button_alignment_last_edited=&#8221;on|phone&#8221; _builder_version=&#8221;4.27.0&#8243; _module_preset=&#8221;668a7cba-5a70-4386-9ebd-d58731b51989&#8243; custom_margin=&#8221;29px||6px||false|false&#8221; button_text_size_tablet=&#8221;18px&#8221; button_text_size_phone=&#8221;16px&#8221; button_text_size_last_edited=&#8221;on|phone&#8221; global_colors_info=&#8221;{}&#8221;][\/et_pb_button][et_pb_text content_tablet=&#8221;<\/p>\n<p><span style=%22font-weight: 500;%22>Sunnet Praxis<\/span><br \/>Anwaltinger Stra\u00dfe 4<br \/>86165 Augsburg<br \/><em style=%22font-size: 18px;%22>%22Pamukplast Verpackungen GmbH%22 k\u00f6\u015fesindeki giri\u015f<\/em><\/p>\n<p><span style=%22font-weight: 500;%22>Randevular ayarlanacakt\u0131r!<\/span><\/p>\n<p>&#8221; content_last_edited=&#8221;off|phone&#8221; _builder_version=&#8221;4.27.0&#8243; _module_preset=&#8221;default&#8221; text_font=&#8221;|300|||||||&#8221; text_font_size=&#8221;20px&#8221; text_line_height=&#8221;1.5em&#8221; text_orientation=&#8221;center&#8221; custom_margin=&#8221;50px||10px||false|false&#8221; hover_enabled=&#8221;0&#8243; text_font_size_tablet=&#8221;18px&#8221; text_font_size_phone=&#8221;16px&#8221; text_font_size_last_edited=&#8221;on|tablet&#8221; text_line_height_tablet=&#8221;1.5em&#8221; text_line_height_phone=&#8221;1.6em&#8221; text_line_height_last_edited=&#8221;on|phone&#8221; global_colors_info=&#8221;{}&#8221; sticky_enabled=&#8221;0&#8243;]<span style=\"font-weight: 500;\">Dan\u0131\u015fma ve randevu i\u00e7in direk olarak s\u00fcnneti yapmas\u0131n\u0131 istediginiz doktoru aray\u0131n\u0131z. <\/span>[\/et_pb_text][\/et_pb_column][\/et_pb_row][et_pb_row column_structure=&#8221;1_2,1_2&#8243; disabled_on=&#8221;off|off|off&#8221; _builder_version=&#8221;4.27.0&#8243; _module_preset=&#8221;default&#8221; custom_padding=&#8221;0px||||false|false&#8221; global_colors_info=&#8221;{}&#8221;][et_pb_column type=&#8221;1_2&#8243; _builder_version=&#8221;4.27.0&#8243; _module_preset=&#8221;default&#8221; custom_padding=&#8221;||15px||false|false&#8221; global_colors_info=&#8221;{}&#8221;][et_pb_code _builder_version=&#8221;4.27.0&#8243; _module_preset=&#8221;default&#8221; background_image=&#8221;https:\/\/sunnet-praxis.de\/wp-content\/uploads\/2024\/06\/Dr-Sahin.jpg&#8221; background_size=&#8221;custom&#8221; background_image_width=&#8221;250%&#8221; background_position=&#8221;top_left&#8221; background_horizontal_offset=&#8221;40%&#8221; background_vertical_offset=&#8221;5%&#8221; text_orientation=&#8221;center&#8221; width=&#8221;200px&#8221; width_tablet=&#8221;200px&#8221; width_phone=&#8221;150px&#8221; width_last_edited=&#8221;on|phone&#8221; module_alignment=&#8221;center&#8221; min_height=&#8221;200px&#8221; min_height_tablet=&#8221;200px&#8221; min_height_phone=&#8221;150px&#8221; min_height_last_edited=&#8221;on|phone&#8221; custom_margin_tablet=&#8221;&#8221; custom_margin_phone=&#8221;||20px||false|false&#8221; custom_margin_last_edited=&#8221;on|phone&#8221; border_radii=&#8221;on|150px|150px|150px|150px&#8221; border_width_all=&#8221;5px&#8221; border_color_all=&#8221;gcid-primary-color&#8221; global_colors_info=&#8221;{%22gcid-primary-color%22:%91%22border_color_all%22%93}&#8221;][\/et_pb_code][et_pb_text _builder_version=&#8221;4.27.0&#8243; _module_preset=&#8221;default&#8221; text_font=&#8221;|300|||||||&#8221; text_font_size=&#8221;20px&#8221; text_line_height=&#8221;1.5em&#8221; header_2_font_size=&#8221;28px&#8221; text_orientation=&#8221;center&#8221; custom_margin=&#8221;0px||30px||false|false&#8221; custom_padding=&#8221;0px||||false|false&#8221; text_font_size_tablet=&#8221;18px&#8221; text_font_size_phone=&#8221;16px&#8221; text_font_size_last_edited=&#8221;on|phone&#8221; text_line_height_tablet=&#8221;1.5em&#8221; text_line_height_phone=&#8221;1.7em&#8221; text_line_height_last_edited=&#8221;on|phone&#8221; header_font_size_tablet=&#8221;&#8221; header_font_size_phone=&#8221;31px&#8221; header_font_size_last_edited=&#8221;on|phone&#8221; header_2_font_size_tablet=&#8221;28px&#8221; header_2_font_size_phone=&#8221;24px&#8221; header_2_font_size_last_edited=&#8221;on|phone&#8221; global_colors_info=&#8221;{}&#8221;]<\/p>\n<h2>Dr. Fatih \u015eahin<\/h2>\n<p>[\/et_pb_text][et_pb_blurb title=&#8221;0176 \u2013 417 99 877&#8243; url=&#8221;tel:+4917641799877&#8243; use_icon=&#8221;on&#8221; font_icon=&#8221;&#xf879;||fa||900&#8243; icon_color=&#8221;gcid-body-color&#8221; icon_placement=&#8221;left&#8221; image_icon_width=&#8221;28px&#8221; image_icon_width_tablet=&#8221;28px&#8221; image_icon_width_phone=&#8221;22px&#8221; image_icon_width_last_edited=&#8221;on|phone&#8221; _builder_version=&#8221;4.27.0&#8243; _module_preset=&#8221;default&#8221; header_font=&#8221;|300|||||||&#8221; header_text_align=&#8221;center&#8221; header_font_size=&#8221;24px&#8221; body_font=&#8221;|300|||||||&#8221; body_font_size=&#8221;26px&#8221; image_icon_custom_margin=&#8221;|||1px|false|false&#8221; image_icon_custom_margin_tablet=&#8221;|||1px|false|false&#8221; image_icon_custom_margin_phone=&#8221;|||5px|false|false&#8221; image_icon_custom_margin_last_edited=&#8221;on|phone&#8221; image_icon_custom_padding=&#8221;||||false|false&#8221; image_icon_custom_padding_phone=&#8221;||||false|false&#8221; image_icon_custom_padding_last_edited=&#8221;off|phone&#8221; text_orientation=&#8221;center&#8221; custom_margin=&#8221;-24px|||-48px|false|false&#8221; custom_padding=&#8221;||||false|false&#8221; animation=&#8221;off&#8221; header_font_size_tablet=&#8221;24px&#8221; header_font_size_phone=&#8221;22px&#8221; header_font_size_last_edited=&#8221;on|phone&#8221; custom_css_free_form=&#8221;selector .et_pb_blurb_content {display:flex; justify-content:center;padding-left:40px}||selector .et_pb_main_blurb_image {margin-bottom:0; margin-top: -1px}||selector .et_pb_blurb_container {padding-left:10px}&#8221; global_colors_info=&#8221;{%22gcid-body-color%22:%91%22icon_color%22%93}&#8221;][\/et_pb_blurb][et_pb_social_media_follow use_icon_font_size=&#8221;on&#8221; icon_font_size=&#8221;18px&#8221; _builder_version=&#8221;4.27.0&#8243; _module_preset=&#8221;default&#8221; text_orientation=&#8221;center&#8221; custom_margin=&#8221;-24px||||false|false&#8221; custom_padding=&#8221;||||false|false&#8221; custom_css_free_form=&#8221;selector li a:before {font-size:20px !important}||selector li.et-social-whatsapp a:before {font-size:24px !important}&#8221; border_radii=&#8221;on|6px|6px|6px|6px&#8221; global_colors_info=&#8221;{}&#8221;][et_pb_social_media_follow_network social_network=&#8221;facebook&#8221; url=&#8221;https:\/\/www.facebook.com\/profile.php?id=61558214087895&#8243; _builder_version=&#8221;4.27.0&#8243; _module_preset=&#8221;default&#8221; background_color=&#8221;#3b5998&#8243; global_colors_info=&#8221;{}&#8221; follow_button=&#8221;off&#8221; url_new_window=&#8221;on&#8221;]facebook[\/et_pb_social_media_follow_network][et_pb_social_media_follow_network social_network=&#8221;instagram&#8221; url=&#8221;https:\/\/www.instagram.com\/sunnetpraxis_dr_sahin\/&#8221; _builder_version=&#8221;4.27.0&#8243; _module_preset=&#8221;default&#8221; background_color=&#8221;#ea2c59&#8243; custom_margin=&#8221;|16px||16px|false|true&#8221; global_colors_info=&#8221;{}&#8221; follow_button=&#8221;off&#8221; url_new_window=&#8221;on&#8221;]instagram[\/et_pb_social_media_follow_network][et_pb_social_media_follow_network social_network=&#8221;whatsapp&#8221; url=&#8221;https:\/\/wa.me\/4917641799877&#8243; _builder_version=&#8221;4.27.0&#8243; _module_preset=&#8221;default&#8221; background_color=&#8221;#25D366&#8243; global_colors_info=&#8221;{}&#8221; follow_button=&#8221;off&#8221; url_new_window=&#8221;on&#8221;]whatsapp[\/et_pb_social_media_follow_network][\/et_pb_social_media_follow][\/et_pb_column][et_pb_column type=&#8221;1_2&#8243; _builder_version=&#8221;4.27.0&#8243; _module_preset=&#8221;default&#8221; global_colors_info=&#8221;{}&#8221;][et_pb_code _builder_version=&#8221;4.27.0&#8243; _module_preset=&#8221;default&#8221; background_image=&#8221;https:\/\/sunnet-praxis.de\/wp-content\/uploads\/2024\/06\/Dr-Umer-Chaudhry.jpg&#8221; background_size=&#8221;custom&#8221; background_image_width=&#8221;220%&#8221; background_position=&#8221;top_left&#8221; background_horizontal_offset=&#8221;40%&#8221; background_vertical_offset=&#8221;5%&#8221; width=&#8221;200px&#8221; width_tablet=&#8221;200px&#8221; width_phone=&#8221;150px&#8221; width_last_edited=&#8221;on|phone&#8221; module_alignment=&#8221;center&#8221; min_height=&#8221;200px&#8221; min_height_tablet=&#8221;200px&#8221; min_height_phone=&#8221;150px&#8221; min_height_last_edited=&#8221;on|phone&#8221; custom_margin_tablet=&#8221;&#8221; custom_margin_phone=&#8221;||20px||false|false&#8221; custom_margin_last_edited=&#8221;on|phone&#8221; border_radii=&#8221;on|150px|150px|150px|150px&#8221; border_width_all=&#8221;5px&#8221; border_color_all=&#8221;gcid-primary-color&#8221; global_colors_info=&#8221;{%22gcid-primary-color%22:%91%22border_color_all%22%93}&#8221;][\/et_pb_code][et_pb_text admin_label=&#8221;Text&#8221; _builder_version=&#8221;4.27.0&#8243; _module_preset=&#8221;default&#8221; text_font=&#8221;|300|||||||&#8221; text_font_size=&#8221;20px&#8221; text_line_height=&#8221;1.5em&#8221; header_2_font_size=&#8221;28px&#8221; text_orientation=&#8221;center&#8221; custom_margin=&#8221;0px||30px||false|false&#8221; custom_padding=&#8221;0px||||false|false&#8221; text_font_size_tablet=&#8221;18px&#8221; text_font_size_phone=&#8221;16px&#8221; text_font_size_last_edited=&#8221;on|phone&#8221; text_line_height_tablet=&#8221;1.5em&#8221; text_line_height_phone=&#8221;1.7em&#8221; text_line_height_last_edited=&#8221;on|phone&#8221; header_2_font_size_tablet=&#8221;28px&#8221; header_2_font_size_phone=&#8221;24px&#8221; header_2_font_size_last_edited=&#8221;on|phone&#8221; global_colors_info=&#8221;{}&#8221;]<\/p>\n<h2>Dr. Umer Chaudhry<\/h2>\n<p>[\/et_pb_text][et_pb_blurb title=&#8221;0821 \u2013 999 85 799&#8243; url=&#8221;tel:+491777711314&#8243; use_icon=&#8221;on&#8221; font_icon=&#8221;&#xf1e4;||fa||900&#8243; icon_color=&#8221;gcid-body-color&#8221; icon_placement=&#8221;left&#8221; image_icon_width=&#8221;22px&#8221; _builder_version=&#8221;4.27.0&#8243; _module_preset=&#8221;default&#8221; header_font=&#8221;|300|||||||&#8221; header_text_align=&#8221;center&#8221; header_font_size=&#8221;22px&#8221; body_font=&#8221;|300|||||||&#8221; body_font_size=&#8221;26px&#8221; image_icon_custom_margin=&#8221;||||false|false&#8221; image_icon_custom_margin_tablet=&#8221;||||false|false&#8221; image_icon_custom_margin_phone=&#8221;|||5px|false|false&#8221; image_icon_custom_margin_last_edited=&#8221;on|phone&#8221; image_icon_custom_padding=&#8221;||||false|false&#8221; text_orientation=&#8221;center&#8221; custom_margin=&#8221;-24px|||-48px|false|false&#8221; custom_padding=&#8221;||||false|true&#8221; animation=&#8221;off&#8221; custom_css_free_form=&#8221;selector .et_pb_blurb_content {display:flex; justify-content:center;padding-left:40px}||selector .et_pb_main_blurb_image {margin-bottom:0; margin-top: -1px}||selector .et_pb_blurb_container {padding-left:10px}&#8221; global_colors_info=&#8221;{%22gcid-body-color%22:%91%22icon_color%22%93}&#8221;][\/et_pb_blurb][et_pb_blurb title=&#8221;0177 \u2013 77 11 314&#8243; url=&#8221;tel:+491777711314&#8243; use_icon=&#8221;on&#8221; font_icon=&#8221;&#xf879;||fa||900&#8243; icon_color=&#8221;gcid-body-color&#8221; icon_placement=&#8221;left&#8221; image_icon_width=&#8221;22px&#8221; _builder_version=&#8221;4.27.0&#8243; _module_preset=&#8221;default&#8221; header_font=&#8221;|300|||||||&#8221; header_text_align=&#8221;center&#8221; header_font_size=&#8221;22px&#8221; body_font=&#8221;|300|||||||&#8221; body_font_size=&#8221;26px&#8221; image_icon_custom_margin=&#8221;||||false|false&#8221; image_icon_custom_margin_tablet=&#8221;||||false|false&#8221; image_icon_custom_margin_phone=&#8221;|||5px|false|false&#8221; image_icon_custom_margin_last_edited=&#8221;on|phone&#8221; image_icon_custom_padding=&#8221;||||false|false&#8221; text_orientation=&#8221;center&#8221; custom_margin=&#8221;-24px|||-48px|false|false&#8221; custom_padding=&#8221;||||false|true&#8221; animation=&#8221;off&#8221; custom_css_free_form=&#8221;selector .et_pb_blurb_content {display:flex; justify-content:center;padding-left:40px}||selector .et_pb_main_blurb_image {margin-bottom:0; margin-top: -1px}||selector .et_pb_blurb_container {padding-left:10px}&#8221; global_colors_info=&#8221;{%22gcid-body-color%22:%91%22icon_color%22%93}&#8221;][\/et_pb_blurb][\/et_pb_column][\/et_pb_row][\/et_pb_section]<\/p>\n","protected":false},"excerpt":{"rendered":"<p><style type=\"text\/css\" id=\"gmpMapStyles_3_14528\">\r\n\t#google_map_easy_3_14528 {\r\n        width: 100%;\r\n        height: 500px;\r\n\t\t\t\t\t\t    }\r\n\t#gmapControlsNum_3_14528 {\r\n\t\twidth:100%\t}\r\n\t.gmpMapDetailsContainer#gmpMapDetailsContainer_3_14528 {\r\n\t\theight:500px;\r\n\t}\r\n\t.gmp_MapPreview#google_map_easy_3_14528 {\r\n\t\t\/*position:absolute;*\/\r\n\t\twidth: 100%;\r\n\t}\r\n\t#mapConElem_3_14528{\r\n\t\twidth: 100%\t}\r\n    .gm-style .gm-style-iw-c{\r\n        padding: 12px!important;\r\n    }\r\n\t    <\/style>\r\n <div class=\"gmp_map_opts\" id=\"mapConElem_3_14528\" data-id=\"3\" data-view-id=\"3_14528\" > <div class=\"gmpMapDetailsContainer\" id=\"gmpMapDetailsContainer_3_14528\"> <i class=\"gmpKMLLayersPreloader fa fa-spinner fa-spin\" aria-hidden=\"true\" style=\"display: none;\"><\/i> <div class=\"gmp_MapPreview \" id=\"google_map_easy_3_14528\"><\/div> <\/div> <div class=\"gmpMapMarkerFilters\" id=\"gmpMapMarkerFilters_3_14528\"> <\/div> <div class=\"gmpMapProControlsCon\" id=\"gmpMapProControlsCon_3_14528\"> <a title=\"Google Map Plugin\" style=\"display:none;\" href=\"https:\/\/supsystic.com\/plugins\/google-maps-plugin\/?utm_medium=love_link_hide\" target=\"_blank\">Google Map Plugin<\/a><div style=\"clear: both;\"><\/div> <\/div> <div class=\"gmpMapProDirectionsCon\" id=\"gmpMapProDirectionsCon_3_14528\" > <\/div> <div class=\"gmpMapProKmlFilterCon\" id=\"gmpMapProKmlFilterCon_3_14528\" > <\/div> <div class=\"gmpSocialSharingShell gmpSocialSharingShell_3_14528\"> <\/div> <div style=\"clear: both;\"><\/div> <\/div> <style type=\"text\/css\" id=\"gmpMapStyles_4_773\">\r\n\t#google_map_easy_4_773 {\r\n        width: 100%;\r\n        height: 250px;\r\n\t\t\t\t\t\t    }\r\n\t#gmapControlsNum_4_773 {\r\n\t\twidth:100%\t}\r\n\t.gmpMapDetailsContainer#gmpMapDetailsContainer_4_773 {\r\n\t\theight:250px;\r\n\t}\r\n\t.gmp_MapPreview#google_map_easy_4_773 {\r\n\t\t\/*position:absolute;*\/\r\n\t\twidth: 100%;\r\n\t}\r\n\t#mapConElem_4_773{\r\n\t\twidth: 100%\t}\r\n    .gm-style .gm-style-iw-c{\r\n        padding: 12px!important;\r\n    }\r\n\t    <\/style>\r\n <div class=\"gmp_map_opts\" id=\"mapConElem_4_773\" data-id=\"4\" data-view-id=\"4_773\" > <div class=\"gmpMapDetailsContainer\" id=\"gmpMapDetailsContainer_4_773\"> <i class=\"gmpKMLLayersPreloader fa fa-spinner fa-spin\" aria-hidden=\"true\" style=\"display: none;\"><\/i> <div class=\"gmp_MapPreview \" id=\"google_map_easy_4_773\"><\/div> <\/div> <div class=\"gmpMapMarkerFilters\" id=\"gmpMapMarkerFilters_4_773\"> <\/div> <div class=\"gmpMapProControlsCon\" id=\"gmpMapProControlsCon_4_773\"> <a title=\"Google Map Plugin\" style=\"display:none;\" href=\"https:\/\/supsystic.com\/plugins\/google-maps-plugin\/?utm_medium=love_link_hide\" target=\"_blank\">Google Map Plugin<\/a><div style=\"clear: both;\"><\/div> <\/div> <div class=\"gmpMapProDirectionsCon\" id=\"gmpMapProDirectionsCon_4_773\" > <\/div> <div class=\"gmpMapProKmlFilterCon\" id=\"gmpMapProKmlFilterCon_4_773\" > <\/div> <div class=\"gmpSocialSharingShell gmpSocialSharingShell_4_773\"> <\/div> <div style=\"clear: both;\"><\/div> <\/div> Sunnet PraxisAnwaltinger Stra\u00dfe 486165 Augsburg&#8221;Pamukplast Verpackungen GmbH&#8221; k\u00f6\u015fesindeki giri\u015fDan\u0131\u015fma ve randevu i\u00e7in direk olarak s\u00fcnneti yapmas\u0131n\u0131 istediginiz doktoru aray\u0131n\u0131z. Dr. Fatih \u015eahinDr. Umer Chaudhry<\/p>\n","protected":false},"author":1,"featured_media":0,"parent":0,"menu_order":0,"comment_status":"closed","ping_status":"closed","template":"","meta":{"_seopress_robots_primary_cat":"","_seopress_titles_title":"","_seopress_titles_desc":"Augsburg'daki muayenehanemizden bir kons\u00fcltasyon veya s\u00fcnnet i\u00e7in randevu al\u0131n.","_seopress_robots_index":"","_et_pb_use_builder":"on","_et_pb_old_content":"","_et_gb_content_width":"","footnotes":""},"class_list":["post-992","page","type-page","status-publish","hentry"],"_links":{"self":[{"href":"https:\/\/sunnet-praxis.de\/tr\/wp-json\/wp\/v2\/pages\/992","targetHints":{"allow":["GET"]}}],"collection":[{"href":"https:\/\/sunnet-praxis.de\/tr\/wp-json\/wp\/v2\/pages"}],"about":[{"href":"https:\/\/sunnet-praxis.de\/tr\/wp-json\/wp\/v2\/types\/page"}],"author":[{"embeddable":true,"href":"https:\/\/sunnet-praxis.de\/tr\/wp-json\/wp\/v2\/users\/1"}],"replies":[{"embeddable":true,"href":"https:\/\/sunnet-praxis.de\/tr\/wp-json\/wp\/v2\/comments?post=992"}],"version-history":[{"count":4,"href":"https:\/\/sunnet-praxis.de\/tr\/wp-json\/wp\/v2\/pages\/992\/revisions"}],"predecessor-version":[{"id":1017,"href":"https:\/\/sunnet-praxis.de\/tr\/wp-json\/wp\/v2\/pages\/992\/revisions\/1017"}],"wp:attachment":[{"href":"https:\/\/sunnet-praxis.de\/tr\/wp-json\/wp\/v2\/media?parent=992"}],"curies":[{"name":"wp","href":"https:\/\/api.w.org\/{rel}","templated":true}]}}