{"id":986,"date":"2024-04-11T22:35:47","date_gmt":"2024-04-11T22:35:47","guid":{"rendered":"https:\/\/sunnet-praxis.de\/ana-sayfa"},"modified":"2024-10-04T20:18:42","modified_gmt":"2024-10-04T20:18:42","slug":"ana-sayfa","status":"publish","type":"page","link":"https:\/\/sunnet-praxis.de\/tr","title":{"rendered":"Ana Sayfa"},"content":{"rendered":"<p>[et_pb_section fb_built=&#8221;1&#8243; _builder_version=&#8221;4.24.3&#8243; _module_preset=&#8221;default&#8221; custom_padding=&#8221;0px||0px||false|false&#8221; bottom_divider_style=&#8221;curve&#8221; bottom_divider_color=&#8221;#FFFFFF&#8221; bottom_divider_flip=&#8221;horizontal&#8221; bottom_divider_arrangement=&#8221;above_content&#8221; bottom_divider_height_tablet=&#8221;60px&#8221; bottom_divider_height_phone=&#8221;45px&#8221; bottom_divider_height_last_edited=&#8221;on|phone&#8221; custom_css_main_element=&#8221;overflow:hidden;&#8221; da_disable_devices=&#8221;off|off|off&#8221; global_colors_info=&#8221;{}&#8221; da_is_popup=&#8221;off&#8221; da_exit_intent=&#8221;off&#8221; da_has_close=&#8221;on&#8221; da_alt_close=&#8221;off&#8221; da_dark_close=&#8221;off&#8221; da_not_modal=&#8221;on&#8221; da_is_singular=&#8221;off&#8221; da_with_loader=&#8221;off&#8221; da_has_shadow=&#8221;on&#8221;][et_pb_row module_id=&#8221;slider-row&#8221; _builder_version=&#8221;4.24.3&#8243; _module_preset=&#8221;default&#8221; width=&#8221;100%&#8221; max_width=&#8221;100%&#8221; max_height=&#8221;50%&#8221; custom_padding=&#8221;0px||0px||false|false&#8221; module_alignment_tablet=&#8221;&#8221; module_alignment_phone=&#8221;&#8221; module_alignment_last_edited=&#8221;on|phone&#8221; custom_css_main_element=&#8221;height:calc(100vh + 100px);&#8221; global_colors_info=&#8221;{}&#8221; custom_css_main_element_last_edited=&#8221;on|tablet&#8221; custom_css_main_element_phone=&#8221;height:50vh !important&#8221; custom_css_main_element_tablet=&#8221;height:50vh !important;&#8221;][et_pb_column type=&#8221;4_4&#8243; module_id=&#8221;slider&#8221; _builder_version=&#8221;4.24.3&#8243; _module_preset=&#8221;default&#8221; global_colors_info=&#8221;{}&#8221;][et_pb_slider use_bg_overlay=&#8221;off&#8221; use_text_overlay=&#8221;on&#8221; text_overlay_color=&#8221;rgba(255,255,255,0.75)&#8221; show_arrows_tablet=&#8221;&#8221; show_arrows_phone=&#8221;off&#8221; show_arrows_last_edited=&#8221;on|phone&#8221; admin_label=&#8221;Slider&#8221; _builder_version=&#8221;4.24.3&#8243; _module_preset=&#8221;default&#8221; header_text_align=&#8221;left&#8221; body_text_align=&#8221;left&#8221; custom_button=&#8221;on&#8221; button_bg_color=&#8221;rgba(255,255,255,0.21)&#8221; button_border_width=&#8221;1px&#8221; button_border_radius=&#8221;3px&#8221; button_font=&#8221;|300||on|||||&#8221; button_alignment=&#8221;left&#8221; button_custom_padding=&#8221;7px|28px|7px|28px|true|true&#8221; animation_style=&#8221;fade&#8221; animation_direction=&#8221;right&#8221; auto=&#8221;on&#8221; hover_enabled=&#8221;0&#8243; header_text_align_tablet=&#8221;left&#8221; header_text_align_phone=&#8221;center&#8221; header_text_align_last_edited=&#8221;on|phone&#8221; body_text_align_tablet=&#8221;left&#8221; body_text_align_phone=&#8221;center&#8221; body_text_align_last_edited=&#8221;on|phone&#8221; body_font_size_tablet=&#8221;&#8221; body_font_size_phone=&#8221;18px&#8221; body_font_size_last_edited=&#8221;on|phone&#8221; button_text_size_tablet=&#8221;&#8221; button_text_size_phone=&#8221;18px&#8221; button_text_size_last_edited=&#8221;on|phone&#8221; button_alignment_tablet=&#8221;left&#8221; button_alignment_phone=&#8221;center&#8221; button_alignment_last_edited=&#8221;on|phone&#8221; custom_css_free_form=&#8221;selector .et_pb_slide_description {position:absolute; width: 500px; padding: 0; bottom:300px; left:0;}||selector .et_pb_slide {min-height:calc(100vh + 100px); height:100vh;}||selector .et-pb-controllers {bottom: 135px}||selector .et_pb_slide_content {margin:13px 0; font-weight:300}||@media (max-width: 980px) {||  selector .et_pb_slide {min-height:calc(60vh + 60px); height:50vh;}||  selector .et-pb-controllers {bottom: 35px}||  selector .et_pb_slide_description {position:absolute; width: 75%; padding: 0; bottom:130px; left:0;}||}||@media (max-width: 767px) {||  selector .et_pb_slide:not(.ui-sortable) {min-height:calc(100svh + 45px &#8211; 60px); max-height:100vh;}||  selector .et-pb-controllers {bottom: 25px}||  selector .et_pb_slide_description {position:absolute; width: 100%; padding: 0; top:50%; left:0; transform:translateY(calc(-50% &#8211; 105px)) !important;transition:none}||}&#8221; global_colors_info=&#8221;{}&#8221; custom_css_slide_description_last_edited=&#8221;on|phone&#8221; custom_css_slide_description_phone=&#8221;animation-name: none;&#8221; sticky_enabled=&#8221;0&#8243;][et_pb_slide heading=&#8221;Anestezi olmadan s\u00fcnnet&#8221; button_text=&#8221;Daha fazla bilgi edinin&#8221; button_link=&#8221;@ET-DC@eyJkeW5hbWljIjp0cnVlLCJjb250ZW50IjoicG9zdF9saW5rX3VybF9wYWdlIiwic2V0dGluZ3MiOnsicG9zdF9pZCI6Ijk0In19@&#8221; use_bg_overlay=&#8221;on&#8221; bg_overlay_color=&#8221;rgba(0,0,0,0.09)&#8221; use_text_overlay=&#8221;off&#8221; _builder_version=&#8221;4.24.3&#8243; _dynamic_attributes=&#8221;button_link&#8221; _module_preset=&#8221;default&#8221; header_font=&#8221;||||||||&#8221; header_font_size=&#8221;44px&#8221; header_letter_spacing=&#8221;1px&#8221; header_line_height=&#8221;1.1em&#8221; body_font_size=&#8221;22px&#8221; body_line_height=&#8221;1.4em&#8221; background_color=&#8221;RGBA(255,255,255,0)&#8221; background_enable_color=&#8221;on&#8221; use_background_color_gradient=&#8221;on&#8221; background_color_gradient_stops=&#8221;#ffffff 9%|rgba(255,255,255,0) 28%|rgba(156, 156, 156, 0.14) 55%|rgba(0,0,0,0.35) 90%&#8221; background_color_gradient_overlays_image=&#8221;on&#8221; background_image=&#8221;https:\/\/sunnet-praxis.de\/wp-content\/uploads\/2024\/06\/baby-with-toy.jpg&#8221; background_enable_image=&#8221;on&#8221; custom_button=&#8221;on&#8221; button_bg_color=&#8221;rgba(0,0,0,0.08)&#8221; button_border_radius=&#8221;100px&#8221; button_letter_spacing=&#8221;1px&#8221; header_font_size_tablet=&#8221;44px&#8221; header_font_size_phone=&#8221;28px&#8221; header_font_size_last_edited=&#8221;on|phone&#8221; header_letter_spacing_tablet=&#8221;1px&#8221; header_letter_spacing_phone=&#8221;0px&#8221; header_letter_spacing_last_edited=&#8221;on|phone&#8221; body_font_size_tablet=&#8221;22px&#8221; body_font_size_phone=&#8221;18px&#8221; body_font_size_last_edited=&#8221;on|phone&#8221; background_last_edited=&#8221;on|phone&#8221; background_enable_color_phone=&#8221;off&#8221; use_background_color_gradient_phone=&#8221;on&#8221; background_color_gradient_stops_phone=&#8221;rgba(255,255,255,0.76) 0%|rgba(255,255,255,0.24) 10%|rgba(73,73,73,0.54) 21%|rgba(0,0,0,0.51) 72%&#8221; background_position_phone=&#8221;center_right&#8221; background_horizontal_offset_phone=&#8221;13%&#8221; button_text_size_tablet=&#8221;&#8221; button_text_size_phone=&#8221;16px&#8221; button_text_size_last_edited=&#8221;on|phone&#8221; global_colors_info=&#8221;{}&#8221; sticky_transition=&#8221;on&#8221;]<\/p>\n<p>Deneyimli doktorlar\u0131m\u0131z, genel anestezinin risklerinden ka\u00e7\u0131nmak i\u00e7in lokal anestezi alt\u0131nda g\u00fcvenli ve nazik bir s\u00fcnnet sunar. O\u011flunuzun sa\u011fl\u0131\u011f\u0131 i\u00e7in uzmanl\u0131\u011f\u0131m\u0131za ve tecr\u00fcbemize g\u00fcvenin. <\/p>\n<p>[\/et_pb_slide][et_pb_slide heading=&#8221;Uzmanlar\u0131n\u0131z \u0130slami kurallara g\u00f6re s\u00fcnnetten yana&#8221; button_text=&#8221;Doktor muayenehaneleri&#8221; button_link=&#8221;@ET-DC@eyJkeW5hbWljIjp0cnVlLCJjb250ZW50IjoicG9zdF9saW5rX3VybF9wYWdlIiwic2V0dGluZ3MiOnsicG9zdF9pZCI6IjE0MSJ9fQ==@&#8221; use_bg_overlay=&#8221;on&#8221; bg_overlay_color=&#8221;rgba(0,0,0,0.09)&#8221; use_text_overlay=&#8221;off&#8221; _builder_version=&#8221;4.24.3&#8243; _dynamic_attributes=&#8221;button_link&#8221; _module_preset=&#8221;default&#8221; header_font=&#8221;||||||||&#8221; header_font_size=&#8221;44px&#8221; header_letter_spacing=&#8221;0px&#8221; header_line_height=&#8221;1.1em&#8221; body_font_size=&#8221;22px&#8221; body_line_height=&#8221;1.4em&#8221; background_color=&#8221;RGBA(255,255,255,0)&#8221; background_enable_color=&#8221;on&#8221; use_background_color_gradient=&#8221;on&#8221; background_color_gradient_stops=&#8221;#ffffff 9%|rgba(255,255,255,0) 28%|rgba(156, 156, 156, 0.14) 43%|rgba(0,0,0,0.35) 74%&#8221; background_color_gradient_overlays_image=&#8221;on&#8221; background_image=&#8221;https:\/\/sunnet-praxis.de\/wp-content\/uploads\/2024\/06\/doctor-child.jpg&#8221; background_enable_image=&#8221;on&#8221; background_position=&#8221;top_center&#8221; background_vertical_offset=&#8221;27%&#8221; custom_button=&#8221;on&#8221; button_bg_color=&#8221;rgba(0,0,0,0.08)&#8221; button_border_radius=&#8221;100px&#8221; button_letter_spacing=&#8221;1px&#8221; header_font_size_tablet=&#8221;44px&#8221; header_font_size_phone=&#8221;28px&#8221; header_font_size_last_edited=&#8221;on|phone&#8221; body_font_size_tablet=&#8221;22px&#8221; body_font_size_phone=&#8221;18px&#8221; body_font_size_last_edited=&#8221;on|phone&#8221; background_last_edited=&#8221;on|phone&#8221; use_background_color_gradient_phone=&#8221;on&#8221; background_color_gradient_stops_phone=&#8221;rgba(255,255,255,0.89) 0%|rgba(255,255,255,0) 8%|rgba(102,102,102,0.55) 22%|rgba(0,0,0,0.5) 48%&#8221; global_colors_info=&#8221;{}&#8221; sticky_transition=&#8221;on&#8221;]<\/p>\n<p>Deneyimli doktorlar\u0131m\u0131z lokal anestezi alt\u0131nda \u00e7ocuk s\u00fcnneti konusunda uzmanla\u015fm\u0131\u015ft\u0131r. \u00c7ocu\u011funuz i\u00e7in m\u00fcmk\u00fcn olan en iyi tedaviyi ve g\u00fcvenli\u011fi sa\u011flamak i\u00e7in modern ve g\u00fcvenli prosed\u00fcrler kullan\u0131yoruz. <\/p>\n<p>[\/et_pb_slide][\/et_pb_slider][\/et_pb_column][\/et_pb_row][\/et_pb_section][et_pb_section fb_built=&#8221;1&#8243; custom_padding_last_edited=&#8221;on|tablet&#8221; _builder_version=&#8221;4.24.3&#8243; _module_preset=&#8221;4a68f7d4-67a1-493e-994f-c8c161e139cc&#8221; custom_margin_tablet=&#8221;0px||||false|false&#8221; custom_margin_phone=&#8221;0px|0px|0px|0px|false|false&#8221; custom_padding_tablet=&#8221;25px||0px||false|false&#8221; custom_padding_phone=&#8221;30px||30px||false|false&#8221; da_disable_devices=&#8221;off|off|off&#8221; global_colors_info=&#8221;{}&#8221; da_is_popup=&#8221;off&#8221; da_exit_intent=&#8221;off&#8221; da_has_close=&#8221;on&#8221; da_alt_close=&#8221;off&#8221; da_dark_close=&#8221;off&#8221; da_not_modal=&#8221;on&#8221; da_is_singular=&#8221;off&#8221; da_with_loader=&#8221;off&#8221; da_has_shadow=&#8221;on&#8221;][et_pb_row custom_padding_last_edited=&#8221;on|tablet&#8221; _builder_version=&#8221;4.24.3&#8243; _module_preset=&#8221;46c1460f-9fca-47cd-80a6-022730db00e2&#8243; width_tablet=&#8221;100%&#8221; width_phone=&#8221;&#8221; width_last_edited=&#8221;on|tablet&#8221; custom_margin_tablet=&#8221;&#8221; custom_margin_phone=&#8221;&#8221; custom_margin_last_edited=&#8221;on|phone&#8221; custom_padding_tablet=&#8221;|5%||5%|false|true&#8221; custom_padding_phone=&#8221;0px|25px||25px|false|true&#8221; global_colors_info=&#8221;{}&#8221;][et_pb_column type=&#8221;4_4&#8243; _builder_version=&#8221;4.24.3&#8243; _module_preset=&#8221;default&#8221; global_colors_info=&#8221;{}&#8221;][et_pb_heading title=&#8221;S\u00fcnnet&#8221; _builder_version=&#8221;4.24.3&#8243; _module_preset=&#8221;1b2b59a7-c6a7-4016-829c-91a85045f604&#8243; custom_margin_tablet=&#8221;&#8221; custom_margin_phone=&#8221;||15px||false|false&#8221; custom_margin_last_edited=&#8221;on|phone&#8221; custom_padding_tablet=&#8221;&#8221; custom_padding_phone=&#8221;&#8221; custom_padding_last_edited=&#8221;on|phone&#8221; title_font_size_tablet=&#8221;38px&#8221; global_colors_info=&#8221;{}&#8221;][\/et_pb_heading][et_pb_text _builder_version=&#8221;4.24.3&#8243; _module_preset=&#8221;91d14c99-3e52-4825-8b83-a0e87d145175&#8243; text_font_size=&#8221;20px&#8221; custom_margin_tablet=&#8221;&#8221; custom_margin_phone=&#8221;||0px||false|false&#8221; custom_margin_last_edited=&#8221;on|phone&#8221; text_font_size_tablet=&#8221;18px&#8221; text_font_size_phone=&#8221;18px&#8221; text_font_size_last_edited=&#8221;on|desktop&#8221; text_line_height_phone=&#8221;1.5em&#8221; global_colors_info=&#8221;{}&#8221;]<\/p>\n<p><span>Toplumumuzda s\u00fcnnet erkek \u00e7ocu\u011fu ve ailesi i\u00e7in ayn\u0131 anda g\u00fczel ve hassas bir konudur. Genelde dini nedenlerden yap\u0131lan bu cerrahi uygulamada hi\u00e7bir aile \u00e7ocu\u011funa zarar verilmesini veya travma ya\u015fat\u0131lmas\u0131n\u0131 istemez. Bu nedenden dolay\u0131, ebeveynlerin ak\u0131llar\u0131ndan kime yapt\u0131rabiliriz, ka\u00e7 ya\u015f\u0131nda yap\u0131l\u0131r, hangi metod iyidir, anestezi uygulan\u0131yor mu gibi sorular ge\u00e7er.   <\/span><\/p>\n<p><span>Y\u0131llarca uygulad\u0131\u011f\u0131m\u0131z s\u00fcnnetlerde kazand\u0131\u011f\u0131m\u0131z tecr\u00fcbeyi, sayfam\u0131zda s\u00fcnnet ile alakal\u0131 konularda bilgi vermek ve t\u00fcm sorular\u0131n\u0131z\u0131 cevapland\u0131rmak amac\u0131yla aktard\u0131k.<\/span><\/p>\n<p><span><\/span><\/p>\n<p>[\/et_pb_text][et_pb_button button_url=&#8221;@ET-DC@eyJkeW5hbWljIjp0cnVlLCJjb250ZW50IjoicG9zdF9saW5rX3VybF9wYWdlIiwic2V0dGluZ3MiOnsicG9zdF9pZCI6Ijk0In19@&#8221; button_text=&#8221;Daha fazla bilgi&#8221; _builder_version=&#8221;4.24.3&#8243; _dynamic_attributes=&#8221;button_url&#8221; _module_preset=&#8221;4f15589e-6bd3-4c11-b03c-8fccb166d55a&#8221; custom_margin_tablet=&#8221;25px||||false|false&#8221; custom_margin_phone=&#8221;25px||||false|false&#8221; custom_margin_last_edited=&#8221;on|tablet&#8221; button_text_size_tablet=&#8221;18px&#8221; button_text_size_phone=&#8221;16px&#8221; global_colors_info=&#8221;{}&#8221;][\/et_pb_button][\/et_pb_column][\/et_pb_row][\/et_pb_section][et_pb_section fb_built=&#8221;1&#8243; custom_padding_last_edited=&#8221;on|phone&#8221; _builder_version=&#8221;4.24.3&#8243; _module_preset=&#8221;default&#8221; custom_margin_tablet=&#8221;&#8221; custom_margin_phone=&#8221;||-120px||false|false&#8221; custom_margin_last_edited=&#8221;on|phone&#8221; custom_padding=&#8221;0px||85px||false|false&#8221; custom_padding_tablet=&#8221;0px||85px||false|false&#8221; custom_padding_phone=&#8221;0px||0px||false|false&#8221; da_disable_devices=&#8221;off|off|off&#8221; global_colors_info=&#8221;{}&#8221; da_is_popup=&#8221;off&#8221; da_exit_intent=&#8221;off&#8221; da_has_close=&#8221;on&#8221; da_alt_close=&#8221;off&#8221; da_dark_close=&#8221;off&#8221; da_not_modal=&#8221;on&#8221; da_is_singular=&#8221;off&#8221; da_with_loader=&#8221;off&#8221; da_has_shadow=&#8221;on&#8221;][et_pb_row column_structure=&#8221;3_5,2_5&#8243; custom_padding_last_edited=&#8221;on|phone&#8221; _builder_version=&#8221;4.24.3&#8243; _module_preset=&#8221;default&#8221; width_tablet=&#8221;initial&#8221; width_phone=&#8221;100%&#8221; width_last_edited=&#8221;on|phone&#8221; custom_margin=&#8221;0px||||false|false&#8221; custom_padding=&#8221;0px||||false|false&#8221; custom_padding_tablet=&#8221;0px|5%|160px|5%|false|true&#8221; custom_padding_phone=&#8221;0px|25px|0px|25px|false|true&#8221; global_colors_info=&#8221;{}&#8221;][et_pb_column type=&#8221;3_5&#8243; module_id=&#8221;main-page-map-text&#8221; _builder_version=&#8221;4.24.3&#8243; _module_preset=&#8221;default&#8221; global_colors_info=&#8221;{}&#8221;][et_pb_text _builder_version=&#8221;4.24.3&#8243; _module_preset=&#8221;default&#8221; header_2_font=&#8221;|300|||||||&#8221; header_2_font_size=&#8221;36px&#8221; custom_margin=&#8221;||24px|||&#8221; custom_margin_tablet=&#8221;||24px|||&#8221; custom_margin_phone=&#8221;||15px||false|false&#8221; custom_margin_last_edited=&#8221;on|phone&#8221; custom_padding=&#8221;||0px|||&#8221; header_2_text_align_tablet=&#8221;&#8221; header_2_text_align_phone=&#8221;center&#8221; header_2_text_align_last_edited=&#8221;on|phone&#8221; header_2_font_size_tablet=&#8221;36px&#8221; header_2_font_size_phone=&#8221;32px&#8221; header_2_font_size_last_edited=&#8221;on|phone&#8221; global_colors_info=&#8221;{}&#8221;]<\/p>\n<h2>Bize ula\u015f\u0131n<\/h2>\n<p>[\/et_pb_text][et_pb_text _builder_version=&#8221;4.24.3&#8243; _module_preset=&#8221;91d14c99-3e52-4825-8b83-a0e87d145175&#8243; text_font_size=&#8221;20px&#8221; text_line_height=&#8221;1.8em&#8221; custom_margin_tablet=&#8221;&#8221; custom_margin_phone=&#8221;||16px||false|false&#8221; custom_margin_last_edited=&#8221;on|phone&#8221; text_font_size_tablet=&#8221;18px&#8221; text_line_height_phone=&#8221;1.5em&#8221; global_colors_info=&#8221;{}&#8221;]<\/p>\n<p><span>Sayfam\u0131zdaki bilgileri okuduktan sonra bir sorunuz olursa yada bir s\u00fcnnet randevusu almak isterseniz bize telefondan ula\u015fabilirsiniz. Bize ilk araman\u0131zda ula\u015famad\u0131\u011f\u0131n\u0131z taktirde size en k\u0131sa zamanda d\u00f6nece\u011fimizden emin olabilirsiniz. <\/span><\/p>\n<p>[\/et_pb_text][et_pb_text _builder_version=&#8221;4.24.3&#8243; _module_preset=&#8221;91d14c99-3e52-4825-8b83-a0e87d145175&#8243; text_line_height=&#8221;1.5em&#8221; text_font_size_tablet=&#8221;18px&#8221; global_colors_info=&#8221;{}&#8221;]<\/p>\n<p><em>Dr. med. Fatih \u015eahin<\/em><br \/>0176 &#8211; 417 99 877<\/p>\n<p><em>Dr. Med. Umer Chaudhry<\/em><br \/>0177 &#8211; 77 11 314<\/p>\n<p>[\/et_pb_text][et_pb_button button_url=&#8221;@ET-DC@eyJkeW5hbWljIjp0cnVlLCJjb250ZW50IjoicG9zdF9saW5rX3VybF9wYWdlIiwic2V0dGluZ3MiOnsicG9zdF9pZCI6IjMxMCJ9fQ==@&#8221; button_text=&#8221;Daha fazla&#8221; button_alignment=&#8221;left&#8221; button_alignment_tablet=&#8221;left&#8221; button_alignment_phone=&#8221;center&#8221; button_alignment_last_edited=&#8221;on|phone&#8221; _builder_version=&#8221;4.24.3&#8243; _dynamic_attributes=&#8221;button_url&#8221; _module_preset=&#8221;4f15589e-6bd3-4c11-b03c-8fccb166d55a&#8221; button_text_size_tablet=&#8221;18px&#8221; button_text_size_phone=&#8221;16px&#8221; global_colors_info=&#8221;{}&#8221;][\/et_pb_button][\/et_pb_column][et_pb_column type=&#8221;2_5&#8243; module_id=&#8221;map_column&#8221; admin_label=&#8221;Map_Column&#8221; _builder_version=&#8221;4.24.3&#8243; _module_preset=&#8221;default&#8221; positioning=&#8221;absolute&#8221; vertical_offset_tablet=&#8221;-65px&#8221; vertical_offset_phone=&#8221;0px&#8221; vertical_offset_last_edited=&#8221;on|phone&#8221; horizontal_offset_tablet=&#8221;5%&#8221; horizontal_offset_phone=&#8221;0%&#8221; horizontal_offset_last_edited=&#8221;on|phone&#8221; position_origin_a_tablet=&#8221;bottom_right&#8221; position_origin_a_phone=&#8221;&#8221; position_origin_a_last_edited=&#8221;on|phone&#8221; position_origin_f_tablet=&#8221;&#8221; position_origin_f_phone=&#8221;&#8221; position_origin_f_last_edited=&#8221;on|phone&#8221; position_origin_r_tablet=&#8221;&#8221; position_origin_r_phone=&#8221;&#8221; position_origin_r_last_edited=&#8221;on|phone&#8221; custom_padding_tablet=&#8221;||||false|false&#8221; custom_padding_phone=&#8221;||||false|false&#8221; custom_padding_last_edited=&#8221;on|tablet&#8221; positioning_tablet=&#8221;absolute&#8221; positioning_phone=&#8221;relative&#8221; positioning_last_edited=&#8221;on|desktop&#8221; custom_css_main_element=&#8221;position: absolute;||    right: 0;||left:auto;||    top: 50%;||    min-width: 500px;||    border-radius: 500px;||    overflow: hidden;||height:500px;||transform: translateY(-50%);&#8221; global_colors_info=&#8221;{}&#8221; custom_css_main_element_last_edited=&#8221;on|tablet&#8221; custom_css_main_element_phone=&#8221;position:relative !important;||    right: 0;||    top: 0;||    min-width: 100%;||width:100%;||    border-radius: 20px;||    overflow: hidden;||height:auto;||margin-bottom:-70px !important;&#8221; custom_css_main_element_tablet=&#8221;    max-width: 60vw !important;||    border-radius: 500px;||    overflow: hidden;||height:60vw;&#8221;][et_pb_code _builder_version=&#8221;4.24.3&#8243; _module_preset=&#8221;default&#8221; global_colors_info=&#8221;{}&#8221;]<style type=\"text\/css\" id=\"gmpMapStyles_2_9554\">\r\n\t#google_map_easy_2_9554 {\r\n        width: 100%;\r\n        height: 500px;\r\n\t\t\t\t\t\t    }\r\n\t#gmapControlsNum_2_9554 {\r\n\t\twidth:100%\t}\r\n\t.gmpMapDetailsContainer#gmpMapDetailsContainer_2_9554 {\r\n\t\theight:500px;\r\n\t}\r\n\t.gmp_MapPreview#google_map_easy_2_9554 {\r\n\t\t\/*position:absolute;*\/\r\n\t\twidth: 100%;\r\n\t}\r\n\t#mapConElem_2_9554{\r\n\t\twidth: 100%\t}\r\n    .gm-style .gm-style-iw-c{\r\n        padding: 12px!important;\r\n    }\r\n\t    <\/style>\r\n <div class=\"gmp_map_opts\" id=\"mapConElem_2_9554\" data-id=\"2\" data-view-id=\"2_9554\" > <div class=\"gmpMapDetailsContainer\" id=\"gmpMapDetailsContainer_2_9554\"> <i class=\"gmpKMLLayersPreloader fa fa-spinner fa-spin\" aria-hidden=\"true\" style=\"display: none;\"><\/i> <div class=\"gmp_MapPreview \" id=\"google_map_easy_2_9554\"><\/div> <\/div> <div class=\"gmpMapMarkerFilters\" id=\"gmpMapMarkerFilters_2_9554\"> <\/div> <div class=\"gmpMapProControlsCon\" id=\"gmpMapProControlsCon_2_9554\"> <a title=\"Google Map Plugin\" style=\"display:none;\" href=\"https:\/\/supsystic.com\/plugins\/google-maps-plugin\/?utm_medium=love_link_hide\" target=\"_blank\">Google Map Plugin<\/a><div style=\"clear: both;\"><\/div> <\/div> <div class=\"gmpMapProDirectionsCon\" id=\"gmpMapProDirectionsCon_2_9554\" > <\/div> <div class=\"gmpMapProKmlFilterCon\" id=\"gmpMapProKmlFilterCon_2_9554\" > <\/div> <div class=\"gmpSocialSharingShell gmpSocialSharingShell_2_9554\"> <\/div> <div style=\"clear: both;\"><\/div> <\/div> [\/et_pb_code][et_pb_text disabled_on=&#8221;on|off|off&#8221; _builder_version=&#8221;4.24.3&#8243; _module_preset=&#8221;default&#8221; text_font=&#8221;|300|||||||&#8221; text_font_size=&#8221;16px&#8221; text_line_height=&#8221;1.4em&#8221; background_color=&#8221;#f1f3f4&#8243; positioning=&#8221;absolute&#8221; position_origin_a=&#8221;bottom_center&#8221; z_index=&#8221;2&#8243; text_orientation=&#8221;center&#8221; width=&#8221;100%&#8221; custom_padding=&#8221;10px||15px||false|false&#8221; box_shadow_style=&#8221;preset1&#8243; global_colors_info=&#8221;{}&#8221;]<\/p>\n<p><span style=\"font-weight: 400;\">Sunnet Praxis<\/span><br \/><span>Anwaltinger Stra\u00dfe 4<br \/>86165 Augsburg<\/span><\/p>\n<p>[\/et_pb_text][\/et_pb_column][\/et_pb_row][\/et_pb_section]<\/p>\n","protected":false},"excerpt":{"rendered":"<p>Deneyimli doktorlar\u0131m\u0131z, genel anestezinin risklerinden ka\u00e7\u0131nmak i\u00e7in lokal anestezi alt\u0131nda g\u00fcvenli ve nazik bir s\u00fcnnet sunar. O\u011flunuzun sa\u011fl\u0131\u011f\u0131 i\u00e7in uzmanl\u0131\u011f\u0131m\u0131za ve tecr\u00fcbemize g\u00fcvenin. Deneyimli doktorlar\u0131m\u0131z lokal anestezi alt\u0131nda \u00e7ocuk s\u00fcnneti konusunda uzmanla\u015fm\u0131\u015ft\u0131r. \u00c7ocu\u011funuz i\u00e7in m\u00fcmk\u00fcn olan en iyi tedaviyi ve g\u00fcvenli\u011fi sa\u011flamak i\u00e7in modern ve g\u00fcvenli prosed\u00fcrler kullan\u0131yoruz. Toplumumuzda s\u00fcnnet erkek \u00e7ocu\u011fu ve ailesi i\u00e7in [&hellip;]<\/p>\n","protected":false},"author":1,"featured_media":0,"parent":0,"menu_order":0,"comment_status":"closed","ping_status":"closed","template":"","meta":{"_seopress_robots_primary_cat":"","_seopress_titles_title":"S\u00fcnnet Praxis - Anestezi olmadan \u0130slami kurallara g\u00f6re s\u00fcnnet","_seopress_titles_desc":"En son prosed\u00fcrler kullan\u0131larak ve \u0130slami kurallara g\u00f6re lokal anestezi alt\u0131nda s\u00fcnnet i\u00e7in irtibat\u0131n\u0131z","_seopress_robots_index":"","_et_pb_use_builder":"on","_et_pb_old_content":"","_et_gb_content_width":"","footnotes":""},"class_list":["post-986","page","type-page","status-publish","hentry"],"_links":{"self":[{"href":"https:\/\/sunnet-praxis.de\/tr\/wp-json\/wp\/v2\/pages\/986","targetHints":{"allow":["GET"]}}],"collection":[{"href":"https:\/\/sunnet-praxis.de\/tr\/wp-json\/wp\/v2\/pages"}],"about":[{"href":"https:\/\/sunnet-praxis.de\/tr\/wp-json\/wp\/v2\/types\/page"}],"author":[{"embeddable":true,"href":"https:\/\/sunnet-praxis.de\/tr\/wp-json\/wp\/v2\/users\/1"}],"replies":[{"embeddable":true,"href":"https:\/\/sunnet-praxis.de\/tr\/wp-json\/wp\/v2\/comments?post=986"}],"version-history":[{"count":5,"href":"https:\/\/sunnet-praxis.de\/tr\/wp-json\/wp\/v2\/pages\/986\/revisions"}],"predecessor-version":[{"id":991,"href":"https:\/\/sunnet-praxis.de\/tr\/wp-json\/wp\/v2\/pages\/986\/revisions\/991"}],"wp:attachment":[{"href":"https:\/\/sunnet-praxis.de\/tr\/wp-json\/wp\/v2\/media?parent=986"}],"curies":[{"name":"wp","href":"https:\/\/api.w.org\/{rel}","templated":true}]}}