{"id":982,"date":"2024-04-16T15:55:58","date_gmt":"2024-04-16T15:55:58","guid":{"rendered":"https:\/\/sunnet-praxis.de\/doktorlar"},"modified":"2024-10-04T21:38:52","modified_gmt":"2024-10-04T21:38:52","slug":"doktorlar","status":"publish","type":"page","link":"https:\/\/sunnet-praxis.de\/tr\/doktorlar","title":{"rendered":"Doktorlar"},"content":{"rendered":"<p>[et_pb_section fb_built=&#8221;1&#8243; custom_padding_last_edited=&#8221;on|tablet&#8221; _builder_version=&#8221;4.24.3&#8243; _module_preset=&#8221;default&#8221; width_tablet=&#8221;&#8221; width_phone=&#8221;100%&#8221; width_last_edited=&#8221;on|phone&#8221; custom_margin_tablet=&#8221;&#8221; custom_margin_phone=&#8221;||-30px||false|false&#8221; custom_margin_last_edited=&#8221;on|phone&#8221; custom_padding=&#8221;0px|||||&#8221; custom_padding_tablet=&#8221;0px||0px||false|false&#8221; custom_padding_phone=&#8221;0px|0px|0px|0px|false|true&#8221; da_disable_devices=&#8221;off|off|off&#8221; global_colors_info=&#8221;{}&#8221; da_is_popup=&#8221;off&#8221; da_exit_intent=&#8221;off&#8221; da_has_close=&#8221;on&#8221; da_alt_close=&#8221;off&#8221; da_dark_close=&#8221;off&#8221; da_not_modal=&#8221;on&#8221; da_is_singular=&#8221;off&#8221; da_with_loader=&#8221;off&#8221; da_has_shadow=&#8221;on&#8221;][et_pb_row custom_padding_last_edited=&#8221;on|tablet&#8221; _builder_version=&#8221;4.24.3&#8243; _module_preset=&#8221;default&#8221; custom_padding=&#8221;65px||50px|||&#8221; custom_padding_tablet=&#8221;40px||17px||false|false&#8221; custom_padding_phone=&#8221;45px||70px||false|false&#8221; global_colors_info=&#8221;{}&#8221;][et_pb_column type=&#8221;4_4&#8243; _builder_version=&#8221;4.24.3&#8243; _module_preset=&#8221;default&#8221; global_colors_info=&#8221;{}&#8221;][et_pb_heading title=&#8221;Doktorlar&#8221; _builder_version=&#8221;4.24.3&#8243; _module_preset=&#8221;8d20617c-23c5-4fc9-bab5-aab1603ff77f&#8221; title_font_size_tablet=&#8221;40px&#8221; title_font_size_phone=&#8221;32px&#8221; title_font_size_last_edited=&#8221;on|phone&#8221; global_colors_info=&#8221;{}&#8221;][\/et_pb_heading][\/et_pb_column][\/et_pb_row][et_pb_row column_structure=&#8221;1_2,1_2&#8243; use_custom_gutter=&#8221;on&#8221; custom_padding_last_edited=&#8221;on|phone&#8221; module_class=&#8221;arzte-block&#8221; _builder_version=&#8221;4.24.3&#8243; _module_preset=&#8221;default&#8221; width_tablet=&#8221;initial&#8221; width_phone=&#8221;initial&#8221; width_last_edited=&#8221;on|tablet&#8221; custom_margin=&#8221;125px||||false|false&#8221; custom_margin_tablet=&#8221;125px|15px||15px|false|false&#8221; custom_margin_phone=&#8221;10px|15px|0px|15px|false|true&#8221; custom_margin_last_edited=&#8221;on|tablet&#8221; custom_padding_tablet=&#8221;&#8221; custom_padding_phone=&#8221;&#8221; global_colors_info=&#8221;{}&#8221;][et_pb_column type=&#8221;1_2&#8243; _builder_version=&#8221;4.27.0&#8243; _module_preset=&#8221;default&#8221; background_color=&#8221;#efefef&#8221; custom_padding=&#8221;340px|50px|50px|50px|false|true&#8221; custom_padding_tablet=&#8221;280px|20px|50px|20px|false|true&#8221; custom_padding_phone=&#8221;315px|35px||35px|false|true&#8221; custom_padding_last_edited=&#8221;on|desktop&#8221; custom_css_main_element=&#8221;overflow:visible&#8221; border_radii=&#8221;on|22px|22px|22px|22px&#8221; global_colors_info=&#8221;{}&#8221; custom_css_main_element_last_edited=&#8221;on|phone&#8221; custom_css_main_element_phone=&#8221;overflow:visible;||margin-bottom:135px;||margin-right:0;||width:100%;&#8221; custom_css_main_element_tablet=&#8221;width:calc(50% &#8211; 8px); overflow: visible;margin-right:8px;&#8221;][et_pb_code _builder_version=&#8221;4.24.3&#8243; _module_preset=&#8221;default&#8221; background_image=&#8221;https:\/\/sunnet-praxis.de\/wp-content\/uploads\/2024\/06\/Dr-Sahin.jpg&#8221; background_size=&#8221;custom&#8221; background_image_width=&#8221;118%&#8221; background_position=&#8221;top_center&#8221; background_vertical_offset=&#8221;8%&#8221; positioning=&#8221;absolute&#8221; position_origin_a=&#8221;top_center&#8221; width=&#8221;365px&#8221; width_tablet=&#8221;80%&#8221; width_phone=&#8221;79%&#8221; width_last_edited=&#8221;on|phone&#8221; height=&#8221;450px&#8221; height_tablet=&#8221;390px&#8221; height_phone=&#8221;360px&#8221; height_last_edited=&#8221;on|phone&#8221; custom_margin=&#8221;-150px||||false|false&#8221; custom_margin_tablet=&#8221;-150px||||false|false&#8221; custom_margin_phone=&#8221;-80px||||false|false&#8221; custom_margin_last_edited=&#8221;on|phone&#8221; border_radii=&#8221;on|14px|14px|14px|14px&#8221; border_width_all=&#8221;2px&#8221; border_color_all=&#8221;#FFFFFF&#8221; box_shadow_style=&#8221;preset3&#8243; global_colors_info=&#8221;{}&#8221;][\/et_pb_code][et_pb_heading title=&#8221;Dr. med. Fatih \u015eahin&#8221; _builder_version=&#8221;4.24.3&#8243; _module_preset=&#8221;default&#8221; title_text_align=&#8221;center&#8221; title_font_size=&#8221;1.75rem&#8221; title_font_size_tablet=&#8221;24px&#8221; title_font_size_phone=&#8221;22px&#8221; title_font_size_last_edited=&#8221;on|phone&#8221; global_colors_info=&#8221;{}&#8221;][\/et_pb_heading][et_pb_blurb title=&#8221;0176 \u2013 417 99 877&#8243; use_icon=&#8221;on&#8221; font_icon=&#8221;&#xe090;||divi||400&#8243; icon_color=&#8221;#939393&#8243; icon_placement=&#8221;left&#8221; image_icon_width=&#8221;22px&#8221; _builder_version=&#8221;4.24.3&#8243; _module_preset=&#8221;default&#8221; header_font=&#8221;|300|on||||||&#8221; header_text_align=&#8221;center&#8221; header_font_size=&#8221;20px&#8221; custom_margin=&#8221;-20px|auto|20px|auto|false|false&#8221; custom_padding=&#8221;0px||0px||false|false&#8221; custom_css_free_form=&#8221;selector .et_pb_blurb_content {display:flex; justify-content:center}||selector .et_pb_main_blurb_image {margin-bottom:0; margin-top: -1px}||selector .et_pb_blurb_container {padding-left:0px}&#8221; border_color_all_image=&#8221;#565656&#8243; global_colors_info=&#8221;{}&#8221;][\/et_pb_blurb][et_pb_social_media_follow use_icon_font_size=&#8221;on&#8221; _builder_version=&#8221;4.27.0&#8243; _module_preset=&#8221;default&#8221; text_orientation=&#8221;center&#8221; custom_margin=&#8221;-10px||8px||false|false&#8221; custom_css_free_form=&#8221;selector li a:before {font-size:20px !important}||selector li.et-social-whatsapp a:before {font-size:24px !important}&#8221; border_radii=&#8221;on|6px|6px|6px|6px&#8221; global_colors_info=&#8221;{}&#8221; icon_color__hover_enabled=&#8221;on|desktop&#8221;][et_pb_social_media_follow_network social_network=&#8221;facebook&#8221; url=&#8221;https:\/\/www.facebook.com\/profile.php?id=61558214087895&#8243; icon_color=&#8221;#FFFFFF&#8221; use_icon_font_size=&#8221;on&#8221; icon_font_size=&#8221;18px&#8221; _builder_version=&#8221;4.27.0&#8243; _module_preset=&#8221;default&#8221; background_color=&#8221;#3b5998&#8243; background_enable_color=&#8221;on&#8221; custom_margin=&#8221;0px||0px||false|false&#8221; custom_padding=&#8221;0px||0px||false|false&#8221; global_colors_info=&#8221;{}&#8221; icon_color__hover_enabled=&#8221;on|desktop&#8221; background__hover_enabled=&#8221;on|hover&#8221; background_color__hover=&#8221;#304c7f&#8221; background_enable_color__hover=&#8221;on&#8221; icon_color__hover=&#8221;#FFFFFF&#8221; follow_button=&#8221;off&#8221; url_new_window=&#8221;on&#8221;]facebook[\/et_pb_social_media_follow_network][et_pb_social_media_follow_network social_network=&#8221;instagram&#8221; url=&#8221;https:\/\/www.instagram.com\/sunnetpraxis_dr_sahin\/&#8221; icon_color=&#8221;#FFFFFF&#8221; use_icon_font_size=&#8221;on&#8221; icon_font_size=&#8221;18px&#8221; _builder_version=&#8221;4.27.0&#8243; _module_preset=&#8221;default&#8221; background_color=&#8221;#f44747&#8243; background_enable_color=&#8221;on&#8221; custom_margin=&#8221;|16px||16px|false|true&#8221; custom_padding=&#8221;|0px||0px|false|true&#8221; global_colors_info=&#8221;{}&#8221; icon_color__hover_enabled=&#8221;on|hover&#8221; icon_color__hover=&#8221;#FFFFFF&#8221; background__hover_enabled=&#8221;on|hover&#8221; background_color__hover=&#8221;#d33d3d&#8221; background_enable_color__hover=&#8221;on&#8221; follow_button=&#8221;off&#8221; url_new_window=&#8221;on&#8221;]instagram[\/et_pb_social_media_follow_network][et_pb_social_media_follow_network social_network=&#8221;whatsapp&#8221; url=&#8221;https:\/\/wa.me\/4917641799877&#8243; icon_color=&#8221;#FFFFFF&#8221; use_icon_font_size=&#8221;on&#8221; icon_font_size=&#8221;18px&#8221; _builder_version=&#8221;4.27.0&#8243; _module_preset=&#8221;default&#8221; background_color=&#8221;#4fce5d&#8221; background_enable_color=&#8221;on&#8221; custom_padding=&#8221;||||false|false&#8221; global_colors_info=&#8221;{}&#8221; icon_color__hover_enabled=&#8221;on|hover&#8221; icon_color__hover=&#8221;#FFFFFF&#8221; background__hover_enabled=&#8221;on|hover&#8221; background_color__hover=&#8221;#41ad53&#8243; background_enable_color__hover=&#8221;on&#8221; follow_button=&#8221;off&#8221; url_new_window=&#8221;on&#8221;]whatsapp[\/et_pb_social_media_follow_network][\/et_pb_social_media_follow][et_pb_text _builder_version=&#8221;4.24.3&#8243; _module_preset=&#8221;default&#8221; text_font=&#8221;|300|||||||&#8221; text_line_height=&#8221;1.9em&#8221; text_orientation=&#8221;center&#8221; text_font_size_tablet=&#8221;18px&#8221; text_font_size_phone=&#8221;16px&#8221; text_font_size_last_edited=&#8221;on|phone&#8221; global_colors_info=&#8221;{}&#8221;]<\/p>\n<p>Ortopedi ve travma cerrahisi uzman\u0131 Alisklamp ile s\u00fcnnetler i\u00e7in sertifikal\u0131 e\u011fitmen Acil t\u0131p<\/p>\n<p>[\/et_pb_text][et_pb_toggle title=&#8221;Detaylar&#8221; open_toggle_text_color=&#8221;#FFFFFF&#8221; open_toggle_background_color=&#8221;RGBA(255,255,255,0)&#8221; closed_toggle_text_color=&#8221;#FFFFFF&#8221; closed_toggle_background_color=&#8221;RGBA(255,255,255,0)&#8221; toggle_icon=&#8221;&#x33;||divi||400&#8243; use_icon_font_size=&#8221;on&#8221; icon_font_size=&#8221;22px&#8221; open_toggle_icon=&#8221;&#x32;||divi||400&#8243; open_use_icon_font_size=&#8221;on&#8221; open_icon_font_size=&#8221;22px&#8221; _builder_version=&#8221;4.24.3&#8243; _module_preset=&#8221;default&#8221; title_font=&#8221;|300|||||||&#8221; title_text_align=&#8221;center&#8221; title_font_size=&#8221;20px&#8221; title_letter_spacing=&#8221;1px&#8221; closed_title_font=&#8221;|300|||||||&#8221; closed_title_text_align=&#8221;center&#8221; closed_title_font_size=&#8221;20px&#8221; closed_title_letter_spacing=&#8221;1px&#8221; body_font=&#8221;|300|||||||&#8221; body_font_size=&#8221;16px&#8221; body_line_height=&#8221;1.8em&#8221; text_orientation=&#8221;left&#8221; custom_padding=&#8221;0px||0px||false|false&#8221; custom_padding_tablet=&#8221;0px||0px||false|false&#8221; custom_padding_phone=&#8221;|0px||0px|false|true&#8221; custom_padding_last_edited=&#8221;on|phone&#8221; custom_css_free_form=&#8221;selector strong {color:#6c6c6c}||selector .et_pb_toggle_title {width: max-content;margin: 0 auto;padding: 15px 46px 15px 33px !important;border-radius: 70px; background-color: #f3c56d;}||selector .et_pb_toggle_title:before {color:#fff;right:17px !important}||selector .et_pb_toggle_content {margin-top:20px}&#8221; border_width_all=&#8221;0px&#8221; border_color_all=&#8221;RGBA(255,255,255,0)&#8221; global_colors_info=&#8221;{}&#8221;]<\/p>\n<p><strong>1996 &#8211; 2003:<\/strong> Berlin Humboldt \u00dcniversitesi ve M\u00fcnih Teknik \u00dcniversitesi&#8217;nde be\u015feri t\u0131p e\u011fitimi ald\u0131<br \/><strong><\/strong><\/p>\n<p><span><strong>2003:<\/strong> Ortopedi Waldburg-Zeil Klini\u011fi Bad Saulgau<br \/><strong><\/strong><\/span><\/p>\n<p><span><strong>2004 &#8211; 2007:<\/strong> Cerrahi Diakoniewerk M\u00fcnih<br \/><strong><\/strong><\/span><\/p>\n<p><span><strong>2007 &#8211; 2011:<\/strong> Ortopedi ve Travma Cerrahisi Klinikum Dritter Orden M\u00fcnih<br \/><strong><\/strong><\/span><\/p>\n<p><span><strong>2011 &#8211; 2014:<\/strong> Ortopedi &#8211; Endoprotez Merkezi ve Hessing Klinikleri I. Ortopedi Klini\u011fi, Augsburg<br \/><strong><\/strong><\/span><\/p>\n<p><span><strong>2014 &#8211; 2016:<\/strong> Augsburg&#8217;da ortopedist &#8211; travma cerrah\u0131 olarak \u00e7al\u0131\u015f\u0131yor<br \/><strong><\/strong><\/span><\/p>\n<p><span><strong>2017&#8217;den itibaren:<\/strong> Ortopedist &#8211; travma cerrah\u0131, Maximilium, Donauw\u00f6rth&#8217;de ortopedi<\/span><\/p>\n<p>[\/et_pb_toggle][\/et_pb_column][et_pb_column type=&#8221;1_2&#8243; _builder_version=&#8221;4.24.3&#8243; _module_preset=&#8221;default&#8221; background_color=&#8221;#efefef&#8221; custom_padding=&#8221;340px|50px|50px|50px|false|true&#8221; custom_padding_tablet=&#8221;280px|20px|50px|20px|false|true&#8221; custom_padding_phone=&#8221;315px|35px|50px|35px|false|true&#8221; custom_padding_last_edited=&#8221;on|phone&#8221; custom_css_main_element=&#8221;overflow:visible&#8221; border_radii=&#8221;on|22px|22px|22px|22px&#8221; global_colors_info=&#8221;{}&#8221; custom_css_main_element_last_edited=&#8221;on|phone&#8221; custom_css_main_element_tablet=&#8221;width:calc(50% &#8211; 8px); overflow: visible;margin-left: 8px&#8221; custom_css_main_element_phone=&#8221;overflow:visible;||margin-bottom:135px;||margin-right:0;||width:100%;&#8221;][et_pb_code _builder_version=&#8221;4.24.3&#8243; _module_preset=&#8221;default&#8221; background_color=&#8221;#FFFFFF&#8221; background_image=&#8221;https:\/\/sunnet-praxis.de\/wp-content\/uploads\/2024\/06\/Dr-Umer-Chaudhry.jpg&#8221; background_size=&#8221;custom&#8221; background_image_width=&#8221;118%&#8221; background_position=&#8221;top_center&#8221; background_vertical_offset=&#8221;8%&#8221; positioning=&#8221;absolute&#8221; position_origin_a=&#8221;top_center&#8221; width=&#8221;365px&#8221; width_tablet=&#8221;79%&#8221; width_phone=&#8221;81%&#8221; width_last_edited=&#8221;on|phone&#8221; height=&#8221;445px&#8221; height_tablet=&#8221;390px&#8221; height_phone=&#8221;360px&#8221; height_last_edited=&#8221;on|phone&#8221; custom_margin=&#8221;-150px||||false|false&#8221; custom_margin_tablet=&#8221;-150px||||false|false&#8221; custom_margin_phone=&#8221;-80px||||false|false&#8221; custom_margin_last_edited=&#8221;on|phone&#8221; border_radii=&#8221;on|14px|14px|14px|14px&#8221; border_width_all=&#8221;2px&#8221; border_color_all=&#8221;#FFFFFF&#8221; box_shadow_style=&#8221;preset3&#8243; global_colors_info=&#8221;{}&#8221;][\/et_pb_code][et_pb_heading title=&#8221;Dr. med. Umer Chaudhry&#8221; _builder_version=&#8221;4.24.3&#8243; _module_preset=&#8221;default&#8221; title_text_align=&#8221;center&#8221; title_font_size=&#8221;1.75rem&#8221; title_font_size_tablet=&#8221;24px&#8221; title_font_size_phone=&#8221;22px&#8221; title_font_size_last_edited=&#8221;on|phone&#8221; global_colors_info=&#8221;{}&#8221;][\/et_pb_heading][et_pb_blurb title=&#8221;0821 \u2013 999 85 799&#8243; use_icon=&#8221;on&#8221; font_icon=&#8221;&#xf1e4;||fa||900&#8243; icon_color=&#8221;#939393&#8243; icon_placement=&#8221;left&#8221; image_icon_width=&#8221;22px&#8221; _builder_version=&#8221;4.27.0&#8243; _module_preset=&#8221;default&#8221; header_font=&#8221;|300|on||||||&#8221; header_text_align=&#8221;center&#8221; header_font_size=&#8221;20px&#8221; custom_margin=&#8221;-20px|auto|20px|auto|false|false&#8221; custom_padding=&#8221;0px||0px||false|false&#8221; custom_css_free_form=&#8221;selector .et_pb_blurb_content {display:flex; justify-content:center}||selector .et_pb_main_blurb_image {margin-bottom:0; margin-top: -1px}||selector .et_pb_blurb_container {padding-left:0px}&#8221; border_color_all_image=&#8221;#565656&#8243; global_colors_info=&#8221;{}&#8221;][\/et_pb_blurb][et_pb_blurb title=&#8221;0177 \u2013 77 11 314&#8243; use_icon=&#8221;on&#8221; font_icon=&#8221;&#xe090;||divi||400&#8243; icon_color=&#8221;#939393&#8243; icon_placement=&#8221;left&#8221; image_icon_width=&#8221;22px&#8221; _builder_version=&#8221;4.24.3&#8243; _module_preset=&#8221;default&#8221; header_font=&#8221;|300|on||||||&#8221; header_text_align=&#8221;center&#8221; header_font_size=&#8221;20px&#8221; custom_margin=&#8221;-20px|auto|20px|auto|false|false&#8221; custom_padding=&#8221;0px||0px||false|false&#8221; custom_css_free_form=&#8221;selector .et_pb_blurb_content {display:flex; justify-content:center}||selector .et_pb_main_blurb_image {margin-bottom:0; margin-top: -1px}||selector .et_pb_blurb_container {padding-left:0px}&#8221; border_color_all_image=&#8221;#565656&#8243; global_colors_info=&#8221;{}&#8221;][\/et_pb_blurb][et_pb_text _builder_version=&#8221;4.27.0&#8243; _module_preset=&#8221;default&#8221; text_font=&#8221;|300|||||||&#8221; text_line_height=&#8221;1.9em&#8221; text_orientation=&#8221;center&#8221; custom_margin=&#8221;34px||||false|false&#8221; custom_margin_tablet=&#8221;||||false|false&#8221; custom_margin_phone=&#8221;auto||||false|false&#8221; custom_margin_last_edited=&#8221;on|desktop&#8221; text_font_size_tablet=&#8221;18px&#8221; text_font_size_phone=&#8221;16px&#8221; text_font_size_last_edited=&#8221;on|phone&#8221; global_colors_info=&#8221;{}&#8221;]<\/p>\n<p><span data-metadata=\"&lt;encoded_tag_open \/&gt;!--(figmeta)eyJmaWxlS2V5IjoiemQzZ1laYndlem5YelNVQ3pyWGcxbCIsInBhc3RlSUQiOjIwMDI4ODAwNzgsImRhdGFUeXBlIjoic2NlbmUifQo=(\/figmeta)--&lt;encoded_tag_closed \/&gt;\"><\/span>Ortopedi ve travma cerrahisi uzman\u0131 Alisklamp ile s\u00fcnnet i\u00e7in sertifikal\u0131 kullan\u0131c\u0131 Acil t\u0131p<\/p>\n<p>[\/et_pb_text][et_pb_toggle title=&#8221;Detaylar&#8221; open_toggle_text_color=&#8221;#FFFFFF&#8221; open_toggle_background_color=&#8221;RGBA(255,255,255,0)&#8221; closed_toggle_text_color=&#8221;#FFFFFF&#8221; closed_toggle_background_color=&#8221;RGBA(255,255,255,0)&#8221; toggle_icon=&#8221;&#x33;||divi||400&#8243; use_icon_font_size=&#8221;on&#8221; icon_font_size=&#8221;22px&#8221; open_toggle_icon=&#8221;&#x32;||divi||400&#8243; open_use_icon_font_size=&#8221;on&#8221; open_icon_font_size=&#8221;22px&#8221; _builder_version=&#8221;4.24.3&#8243; _module_preset=&#8221;default&#8221; title_font=&#8221;|300|||||||&#8221; title_text_align=&#8221;center&#8221; title_font_size=&#8221;20px&#8221; title_letter_spacing=&#8221;1px&#8221; closed_title_font=&#8221;|300|||||||&#8221; closed_title_text_align=&#8221;center&#8221; closed_title_font_size=&#8221;20px&#8221; closed_title_letter_spacing=&#8221;1px&#8221; body_font=&#8221;|300|||||||&#8221; body_font_size=&#8221;16px&#8221; body_line_height=&#8221;1.8em&#8221; text_orientation=&#8221;left&#8221; custom_padding=&#8221;0px||0px||false|false&#8221; custom_padding_tablet=&#8221;0px||0px||false|false&#8221; custom_padding_phone=&#8221;0px|0px|0px|0px|false|false&#8221; custom_padding_last_edited=&#8221;on|phone&#8221; custom_css_free_form=&#8221;selector strong {color:#6c6c6c}||selector .et_pb_toggle_title {width: max-content;margin: 0 auto;padding: 15px 46px 15px 33px !important;border-radius: 70px; background-color: #f3c56d;}||selector .et_pb_toggle_title:before {color:#fff;right:17px !important}||selector .et_pb_toggle_content {margin-top:20px}&#8221; border_width_all=&#8221;0px&#8221; border_color_all=&#8221;RGBA(255,255,255,0)&#8221; global_colors_info=&#8221;{}&#8221;]<\/p>\n<p><strong>2003- 2010:<\/strong> G\u00f6ttingen Georg August \u00dcniversitesi&#8217;nde be\u015feri t\u0131p e\u011fitimi ald\u0131<br \/><strong><\/strong><\/p>\n<p><span><strong>2011:<\/strong> Doktora Georg August \u00dcniversitesi G\u00f6ttingen<br \/><strong><\/strong><\/span><\/p>\n<p><span><strong>2011 &#8211; 2012:<\/strong> Wertingen Cerrahi Hastanesi<br \/><strong><\/strong><\/span><\/p>\n<p><span><strong>2012 &#8211; 2013:<\/strong> Donauw\u00f6rth Hastanesi&#8217;nde Ortopedi ve Travma Cerrahisi<br \/><strong><\/strong><\/span><\/p>\n<p><span><strong>2013 &#8211; 2018:<\/strong> Ortopedi ve Travma Cerrahisi Hessing Vakf\u0131 Augsburg<strong><\/strong><\/span><span><strong><\/strong><\/span><\/p>\n<p><span><strong>2019&#8217;dan itibaren:<\/strong> Pakistan \u00d6zel Umer Bashir Hastanesi T\u0131bbi Direkt\u00f6r\u00fc, Travma Cerrahisi ve Ortopedi Ba\u015fkan\u0131<\/span><\/p>\n<p>[\/et_pb_toggle][\/et_pb_column][\/et_pb_row][\/et_pb_section]<\/p>\n","protected":false},"excerpt":{"rendered":"<p>Ortopedi ve travma cerrahisi uzman\u0131 Alisklamp ile s\u00fcnnetler i\u00e7in sertifikal\u0131 e\u011fitmen Acil t\u0131p1996 &#8211; 2003: Berlin Humboldt \u00dcniversitesi ve M\u00fcnih Teknik \u00dcniversitesi&#8217;nde be\u015feri t\u0131p e\u011fitimi ald\u0131 2003: Ortopedi Waldburg-Zeil Klini\u011fi Bad Saulgau 2004 &#8211; 2007: Cerrahi Diakoniewerk M\u00fcnih 2007 &#8211; 2011: Ortopedi ve Travma Cerrahisi Klinikum Dritter Orden M\u00fcnih 2011 &#8211; 2014: Ortopedi &#8211; Endoprotez [&hellip;]<\/p>\n","protected":false},"author":1,"featured_media":0,"parent":0,"menu_order":0,"comment_status":"closed","ping_status":"closed","template":"","meta":{"_seopress_robots_primary_cat":"","_seopress_titles_title":"","_seopress_titles_desc":"Doktorlar\u0131m\u0131z anestezisiz \u00e7ocuk cerrahi s\u00fcnnetlerinde uzmanla\u015fm\u0131\u015ft\u0131r ve \u00e7ocu\u011funuz i\u00e7in m\u00fcmk\u00fcn olan en iyi bak\u0131m\u0131 ve g\u00fcvenli\u011fi sa\u011flarlar.","_seopress_robots_index":"","_et_pb_use_builder":"on","_et_pb_old_content":"","_et_gb_content_width":"","footnotes":""},"class_list":["post-982","page","type-page","status-publish","hentry"],"_links":{"self":[{"href":"https:\/\/sunnet-praxis.de\/tr\/wp-json\/wp\/v2\/pages\/982","targetHints":{"allow":["GET"]}}],"collection":[{"href":"https:\/\/sunnet-praxis.de\/tr\/wp-json\/wp\/v2\/pages"}],"about":[{"href":"https:\/\/sunnet-praxis.de\/tr\/wp-json\/wp\/v2\/types\/page"}],"author":[{"embeddable":true,"href":"https:\/\/sunnet-praxis.de\/tr\/wp-json\/wp\/v2\/users\/1"}],"replies":[{"embeddable":true,"href":"https:\/\/sunnet-praxis.de\/tr\/wp-json\/wp\/v2\/comments?post=982"}],"version-history":[{"count":7,"href":"https:\/\/sunnet-praxis.de\/tr\/wp-json\/wp\/v2\/pages\/982\/revisions"}],"predecessor-version":[{"id":1020,"href":"https:\/\/sunnet-praxis.de\/tr\/wp-json\/wp\/v2\/pages\/982\/revisions\/1020"}],"wp:attachment":[{"href":"https:\/\/sunnet-praxis.de\/tr\/wp-json\/wp\/v2\/media?parent=982"}],"curies":[{"name":"wp","href":"https:\/\/api.w.org\/{rel}","templated":true}]}}